{"id":423,"date":"2021-01-18T15:27:32","date_gmt":"2021-01-18T14:27:32","guid":{"rendered":"https:\/\/www.autoclasscomposite.com\/site\/adjust-template-copy\/"},"modified":"2023-05-22T11:24:26","modified_gmt":"2023-05-22T10:24:26","slug":"ajustar-plantilla","status":"publish","type":"page","link":"https:\/\/www.autoclasscomposite.com\/site\/ajustar-plantilla\/","title":{"rendered":"Ajustar plantilla"},"content":{"rendered":"[vc_row type=&#8221;in_container&#8221; full_screen_row_position=&#8221;middle&#8221; scene_position=&#8221;center&#8221; text_color=&#8221;dark&#8221; text_align=&#8221;left&#8221; overlay_strength=&#8221;0.3&#8243; shape_divider_position=&#8221;bottom&#8221;][vc_column column_padding=&#8221;no-extra-padding&#8221; column_padding_position=&#8221;all&#8221; background_color_opacity=&#8221;1&#8243; background_hover_color_opacity=&#8221;1&#8243; column_shadow=&#8221;none&#8221; column_border_radius=&#8221;none&#8221; width=&#8221;1\/1&#8243; tablet_text_alignment=&#8221;default&#8221; phone_text_alignment=&#8221;default&#8221; column_border_width=&#8221;none&#8221; column_border_style=&#8221;solid&#8221;][vc_column_text css=&#8221;.vc_custom_1684750986976{margin-bottom: 10px !important;}&#8221;]\n<h2>Ajustar plantilla creando las capas de forma necesarias para la orla<\/h2>\n[\/vc_column_text][vc_column_text]Auto Class Composite utiliza una capa de forma para crear los destinos de las fotograf\u00edas en la orla, por ello es importante crear correctamente la capa de forma en Photoshop con los efectos, forma y tama\u00f1o apropiados. Para ello por favor usa la herramienta rect\u00e1ngulo de Photoshop o sus variaciones como rect\u00e1ngulo redondeado, ovalo o formas abstractas. Puedes tambi\u00e9n crear tus formas personalizadas y tenemos disponible un tutorial para ello. (https:\/\/www.autoclasscomposite.com\/site\/formas-propias\/)<\/p>\n<p>Una vez has creado esta primera capa de forma en Photoshop puedes usar Auto Class Composite para crear copias de la misma para todas tus fotograf\u00edas, por favor recuerda que el orden en el que se rellena la orla es el usado en la ventana de capas de Photoshop y usando la herramienta integrada en Auto Class te aseguras de que est\u00e1s creando las capas en el orden correcto.<\/p>\n<p><strong>Por favor selecciona en Photoshop la capa de forma que vas a usar como modelo<\/strong> y haz clic en Crear capas destino en Auto Class Composite ( arriba a la derecha de la ventana principal).<\/p>\n<div id=\"attachment_541\" style=\"width: 1034px\" class=\"wp-caption aligncenter\"><img aria-describedby=\"caption-attachment-541\" decoding=\"async\" loading=\"lazy\" class=\"wp-image-541 size-large\" src=\"https:\/\/www.autoclasscomposite.com\/site\/wp-content\/uploads\/2023\/05\/01_mainscreen_with_photoshop_es-1024x582.jpg\" alt=\"Crea f\u00e1cilmente capas de forma con la herramienta integrada de Auto Class Composite\" width=\"1024\" height=\"582\" srcset=\"https:\/\/www.autoclasscomposite.com\/site\/wp-content\/uploads\/2023\/05\/01_mainscreen_with_photoshop_es-1024x582.jpg 1024w, https:\/\/www.autoclasscomposite.com\/site\/wp-content\/uploads\/2023\/05\/01_mainscreen_with_photoshop_es-300x171.jpg 300w, https:\/\/www.autoclasscomposite.com\/site\/wp-content\/uploads\/2023\/05\/01_mainscreen_with_photoshop_es-768x436.jpg 768w, https:\/\/www.autoclasscomposite.com\/site\/wp-content\/uploads\/2023\/05\/01_mainscreen_with_photoshop_es.jpg 1200w\" sizes=\"(max-width: 1024px) 100vw, 1024px\" \/><p id=\"caption-attachment-541\" class=\"wp-caption-text\">Crea f\u00e1cilmente capas de forma con la herramienta integrada de Auto Class Composite<\/p><\/div>\n<p>Esta herramienta mostrar\u00e1 la capa de forma como un rect\u00e1ngulo de color verde para que sea m\u00e1s sencillo comprobar el tama\u00f1o y el espacio para las l\u00edneas de texto.<\/p>\n<div id=\"attachment_542\" style=\"width: 1034px\" class=\"wp-caption aligncenter\"><img aria-describedby=\"caption-attachment-542\" decoding=\"async\" loading=\"lazy\" class=\"wp-image-542 size-large\" src=\"https:\/\/www.autoclasscomposite.com\/site\/wp-content\/uploads\/2023\/05\/03_generate_with_photoshop_es-1024x584.jpg\" alt=\"Genera capas de forma para tus orlas escolares o deportivas\" width=\"1024\" height=\"584\" srcset=\"https:\/\/www.autoclasscomposite.com\/site\/wp-content\/uploads\/2023\/05\/03_generate_with_photoshop_es-1024x584.jpg 1024w, https:\/\/www.autoclasscomposite.com\/site\/wp-content\/uploads\/2023\/05\/03_generate_with_photoshop_es-300x171.jpg 300w, https:\/\/www.autoclasscomposite.com\/site\/wp-content\/uploads\/2023\/05\/03_generate_with_photoshop_es-768x438.jpg 768w, https:\/\/www.autoclasscomposite.com\/site\/wp-content\/uploads\/2023\/05\/03_generate_with_photoshop_es.jpg 1200w\" sizes=\"(max-width: 1024px) 100vw, 1024px\" \/><p id=\"caption-attachment-542\" class=\"wp-caption-text\">Genera capas de forma para tus orlas escolares o deportivas<\/p><\/div>\n<p>Debes introducir el n\u00famero de fotograf\u00edas (por favor ten en cuenta que puedes crear capas de forma distintas para los profesores y los alumnos, tan s\u00f3lo tienes que seleccionar la capa de forma correspondiente en Photoshop y crear las capas destino necesarias para cada uno del ellos). El programa calcular\u00e1 la mejor distribuci\u00f3n en filas y columnas para el n\u00famero de fotos que has introducido y el tama\u00f1o de capa de forma seleccionado dejando un espacio est\u00e1ndar entre filas del 10%.<\/p>\n<p>Ahora puedes arrastrar las l\u00edneas azules correspondientes a los m\u00e1rgenes para determinar el \u00e1rea donde se colocar\u00e1n las capas de forma y fotograf\u00edas, as\u00ed como aumentar o reducir el tama\u00f1o de las capas de forma. Si Recalcular tras redimensionar est\u00e1 habilitado cada vez que modifiques un margen el programa crear\u00e1 una distribuci\u00f3n nueva.<\/p>\n<p>En la parte inferior ver\u00e1s una lista con las filas y columnas para cada lista, puedes modificar el n\u00famero de fotograf\u00edas en cada una de las filas as\u00ed como a\u00f1adir o eliminar filas pero asegurate de que la suma de las fotos en la columna (se muestra debajo de la lista de filas) es la misma que la cantidad de fotos que vas a colocar. Usa los botones + y &#8211; para a\u00f1adir o quitar filas, en este caso es conveniente deshabilitar el c\u00e1lculo autom\u00e1tico si vas a redimensionar los m\u00e1rgenes para que el programa respete tu ajuste de filas y columnas. Todos los cambios que introduzcas se reflejan en la vista previa.<\/p>\n<p>En cuanto est\u00e9s satisfecho con el dise\u00f1o haz clic en Generar capas de forma y el programa crear\u00e1 en el documento abierto en Photoshop las copias necesarias de la primera capa de forma. Recuerda que siempre podr\u00e1s usar la herramienta Mover de Photoshop si deseas hacer alg\u00fan peque\u00f1o ajuste a las capas.<\/p>\n<div id=\"attachment_543\" style=\"width: 1034px\" class=\"wp-caption aligncenter\"><img aria-describedby=\"caption-attachment-543\" decoding=\"async\" loading=\"lazy\" class=\"wp-image-543 size-large\" src=\"https:\/\/www.autoclasscomposite.com\/site\/wp-content\/uploads\/2023\/05\/05_generate2_with_photoshop_es-1024x581.jpg\" alt=\"Genera y distribuye capas de forma en Adobe Photoshop con Auto Class Composite\" width=\"1024\" height=\"581\" srcset=\"https:\/\/www.autoclasscomposite.com\/site\/wp-content\/uploads\/2023\/05\/05_generate2_with_photoshop_es-1024x581.jpg 1024w, https:\/\/www.autoclasscomposite.com\/site\/wp-content\/uploads\/2023\/05\/05_generate2_with_photoshop_es-300x170.jpg 300w, https:\/\/www.autoclasscomposite.com\/site\/wp-content\/uploads\/2023\/05\/05_generate2_with_photoshop_es-768x436.jpg 768w, https:\/\/www.autoclasscomposite.com\/site\/wp-content\/uploads\/2023\/05\/05_generate2_with_photoshop_es.jpg 1200w\" sizes=\"(max-width: 1024px) 100vw, 1024px\" \/><p id=\"caption-attachment-543\" class=\"wp-caption-text\">Genera y distribuye capas de forma en Adobe Photoshop con Auto Class Composite<\/p><\/div>\n<p>&nbsp;<\/p>\n<div id=\"attachment_544\" style=\"width: 1034px\" class=\"wp-caption aligncenter\"><img aria-describedby=\"caption-attachment-544\" decoding=\"async\" loading=\"lazy\" class=\"wp-image-544 size-large\" src=\"https:\/\/www.autoclasscomposite.com\/site\/wp-content\/uploads\/2023\/05\/06_shapes_generated_es-1024x581.jpg\" alt=\"Capas de forma listas para rellenar la orla en Adobe Photoshop\" width=\"1024\" height=\"581\" srcset=\"https:\/\/www.autoclasscomposite.com\/site\/wp-content\/uploads\/2023\/05\/06_shapes_generated_es-1024x581.jpg 1024w, https:\/\/www.autoclasscomposite.com\/site\/wp-content\/uploads\/2023\/05\/06_shapes_generated_es-300x170.jpg 300w, https:\/\/www.autoclasscomposite.com\/site\/wp-content\/uploads\/2023\/05\/06_shapes_generated_es-768x436.jpg 768w, https:\/\/www.autoclasscomposite.com\/site\/wp-content\/uploads\/2023\/05\/06_shapes_generated_es.jpg 1200w\" sizes=\"(max-width: 1024px) 100vw, 1024px\" \/><p id=\"caption-attachment-544\" class=\"wp-caption-text\">Capas de forma listas para rellenar la orla en Adobe Photoshop<\/p><\/div>\n[\/vc_column_text][\/vc_column][\/vc_row]\n","protected":false},"excerpt":{"rendered":"<p>[vc_row type=&#8221;in_container&#8221; full_screen_row_position=&#8221;middle&#8221; scene_position=&#8221;center&#8221; text_color=&#8221;dark&#8221; text_align=&#8221;left&#8221; overlay_strength=&#8221;0.3&#8243; shape_divider_position=&#8221;bottom&#8221;][vc_column column_padding=&#8221;no-extra-padding&#8221; column_padding_position=&#8221;all&#8221; background_color_opacity=&#8221;1&#8243; background_hover_color_opacity=&#8221;1&#8243; column_shadow=&#8221;none&#8221; column_border_radius=&#8221;none&#8221; width=&#8221;1\/1&#8243; tablet_text_alignment=&#8221;default&#8221; phone_text_alignment=&#8221;default&#8221; column_border_width=&#8221;none&#8221; column_border_style=&#8221;solid&#8221;][vc_column_text css=&#8221;.vc_custom_1684750986976{margin-bottom: 10px !important;}&#8221;] Ajustar plantilla creando las capas de forma necesarias&#8230;<\/p>\n","protected":false},"author":1,"featured_media":0,"parent":0,"menu_order":0,"comment_status":"closed","ping_status":"closed","template":"","meta":[],"_links":{"self":[{"href":"https:\/\/www.autoclasscomposite.com\/site\/wp-json\/wp\/v2\/pages\/423"}],"collection":[{"href":"https:\/\/www.autoclasscomposite.com\/site\/wp-json\/wp\/v2\/pages"}],"about":[{"href":"https:\/\/www.autoclasscomposite.com\/site\/wp-json\/wp\/v2\/types\/page"}],"author":[{"embeddable":true,"href":"https:\/\/www.autoclasscomposite.com\/site\/wp-json\/wp\/v2\/users\/1"}],"replies":[{"embeddable":true,"href":"https:\/\/www.autoclasscomposite.com\/site\/wp-json\/wp\/v2\/comments?post=423"}],"version-history":[{"count":9,"href":"https:\/\/www.autoclasscomposite.com\/site\/wp-json\/wp\/v2\/pages\/423\/revisions"}],"predecessor-version":[{"id":547,"href":"https:\/\/www.autoclasscomposite.com\/site\/wp-json\/wp\/v2\/pages\/423\/revisions\/547"}],"wp:attachment":[{"href":"https:\/\/www.autoclasscomposite.com\/site\/wp-json\/wp\/v2\/media?parent=423"}],"curies":[{"name":"wp","href":"https:\/\/api.w.org\/{rel}","templated":true}]}}