{"id":407,"date":"2021-01-18T11:39:09","date_gmt":"2021-01-18T10:39:09","guid":{"rendered":"https:\/\/www.autoclasscomposite.com\/site\/renaming-files-copy\/"},"modified":"2021-01-18T11:58:25","modified_gmt":"2021-01-18T10:58:25","slug":"renombrando-archivos","status":"publish","type":"page","link":"https:\/\/www.autoclasscomposite.com\/site\/renombrando-archivos\/","title":{"rendered":"Renombrando archivos"},"content":{"rendered":"[vc_row type=&#8221;in_container&#8221; full_screen_row_position=&#8221;middle&#8221; scene_position=&#8221;center&#8221; text_color=&#8221;dark&#8221; text_align=&#8221;left&#8221; overlay_strength=&#8221;0.3&#8243; shape_divider_position=&#8221;bottom&#8221;][vc_column column_padding=&#8221;no-extra-padding&#8221; column_padding_position=&#8221;all&#8221; background_color_opacity=&#8221;1&#8243; background_hover_color_opacity=&#8221;1&#8243; column_shadow=&#8221;none&#8221; column_border_radius=&#8221;none&#8221; width=&#8221;1\/1&#8243; tablet_text_alignment=&#8221;default&#8221; phone_text_alignment=&#8221;default&#8221; column_border_width=&#8221;none&#8221; column_border_style=&#8221;solid&#8221;][vc_column_text]\n<h1>Renombrar archivos de im\u00e1genes<\/h1>\n<h3>C\u00f3mo renombrar autom\u00e1ticamente archivos de im\u00e1genes usando c\u00f3digos QR o archivos externos<\/h3>\n[\/vc_column_text][\/vc_column][\/vc_row][vc_row type=&#8221;in_container&#8221; full_screen_row_position=&#8221;middle&#8221; scene_position=&#8221;center&#8221; text_color=&#8221;dark&#8221; text_align=&#8221;left&#8221; overlay_strength=&#8221;0.3&#8243; shape_divider_position=&#8221;bottom&#8221;][vc_column column_padding=&#8221;no-extra-padding&#8221; column_padding_position=&#8221;all&#8221; background_color_opacity=&#8221;1&#8243; background_hover_color_opacity=&#8221;1&#8243; column_shadow=&#8221;none&#8221; column_border_radius=&#8221;none&#8221; width=&#8221;1\/1&#8243; tablet_text_alignment=&#8221;default&#8221; phone_text_alignment=&#8221;default&#8221; column_border_width=&#8221;none&#8221; column_border_style=&#8221;solid&#8221;][vc_column_text]Hemos a\u00f1adido una nueva caracter\u00edstica a Auto Class Composite 9.5 para poder renombrar autom\u00e1ticamente los archivos de im\u00e1genes usando un archivo de text externo o mediante la utilizaci\u00f3n de c\u00f3digos QR.<\/p>\n<p>Esta nueva opci\u00f3n est\u00e1 disponible en la parte superior de la ventana principal:<\/p>\n<p><img decoding=\"async\" loading=\"lazy\" class=\"aligncenter wp-image-399\" src=\"https:\/\/www.autoclasscomposite.com\/site\/wp-content\/uploads\/2021\/01\/image_01.jpg\" alt=\"\" width=\"500\" height=\"443\" srcset=\"https:\/\/www.autoclasscomposite.com\/site\/wp-content\/uploads\/2021\/01\/image_01.jpg 1200w, https:\/\/www.autoclasscomposite.com\/site\/wp-content\/uploads\/2021\/01\/image_01-300x266.jpg 300w, https:\/\/www.autoclasscomposite.com\/site\/wp-content\/uploads\/2021\/01\/image_01-1024x907.jpg 1024w, https:\/\/www.autoclasscomposite.com\/site\/wp-content\/uploads\/2021\/01\/image_01-768x680.jpg 768w\" sizes=\"(max-width: 500px) 100vw, 500px\" \/><\/p>\n<p>Despu\u00e9s de pulsar en este bot\u00f3n obtendr\u00e1 una nueva ventana con dos opciones, una para crear los c\u00f3digos QR \/ Archivos de texto y otra para procesar las im\u00e1genes.<\/p>\n<p><img decoding=\"async\" loading=\"lazy\" class=\"aligncenter wp-image-400\" src=\"https:\/\/www.autoclasscomposite.com\/site\/wp-content\/uploads\/2021\/01\/image_02.jpg\" alt=\"\" width=\"500\" height=\"451\" srcset=\"https:\/\/www.autoclasscomposite.com\/site\/wp-content\/uploads\/2021\/01\/image_02.jpg 1200w, https:\/\/www.autoclasscomposite.com\/site\/wp-content\/uploads\/2021\/01\/image_02-300x271.jpg 300w, https:\/\/www.autoclasscomposite.com\/site\/wp-content\/uploads\/2021\/01\/image_02-1024x923.jpg 1024w, https:\/\/www.autoclasscomposite.com\/site\/wp-content\/uploads\/2021\/01\/image_02-768x692.jpg 768w\" sizes=\"(max-width: 500px) 100vw, 500px\" \/><\/p>\n<p>Seleccione la opci\u00f3n de c\u00f3digos QR y cargue la lista de nombre desde un archivo de texto o introduzca los mismos en la ventana de edici\u00f3n.<\/p>\n<p><img decoding=\"async\" loading=\"lazy\" class=\"aligncenter wp-image-401\" src=\"https:\/\/www.autoclasscomposite.com\/site\/wp-content\/uploads\/2021\/01\/image_03.jpg\" alt=\"\" width=\"500\" height=\"447\" srcset=\"https:\/\/www.autoclasscomposite.com\/site\/wp-content\/uploads\/2021\/01\/image_03.jpg 1200w, https:\/\/www.autoclasscomposite.com\/site\/wp-content\/uploads\/2021\/01\/image_03-300x268.jpg 300w, https:\/\/www.autoclasscomposite.com\/site\/wp-content\/uploads\/2021\/01\/image_03-1024x916.jpg 1024w, https:\/\/www.autoclasscomposite.com\/site\/wp-content\/uploads\/2021\/01\/image_03-768x687.jpg 768w\" sizes=\"(max-width: 500px) 100vw, 500px\" \/><\/p>\n<p>No introduzca la extensi\u00f3n de los archivos, tan s\u00f3lo el nombre y los apellidos (en caso necesario separe el nombre de los apellidos mediante una coma para facilitar la creaci\u00f3n de una nueva l\u00ednea en la orla).<\/p>\n<p>Una vez que haya introducido la lista podr\u00e1 crear los c\u00f3digos QR correspondientes, estos pueden ser exportados para un dispositivo como un smartphone o una table o bien ser impresos en un PDF que podr\u00e1 luego imprimir. Por favor recuerde que debe tomar una fotograf\u00eda del c\u00f3digo QR antes de tomar la fotograf\u00eda de la persona u objeto con los datos del c\u00f3digo, por ello es importante que se asegure de que su dispositivo sea capaz de mostrar el c\u00f3digo con la calidad suficiente para que sea fotografiado (preste atenci\u00f3n a los brillos y la iluminaci\u00f3n).<br \/>\nEs posible que tenga que hacer alguna prueba de fotograf\u00eda mostrando el c\u00f3digo en su dispositivo antes de pasar a producci\u00f3n, los c\u00f3digos fotografiados deben tener buena resoluci\u00f3n e iluminaci\u00f3n para ser le\u00eddos correctamente.<\/p>\n<p><img decoding=\"async\" loading=\"lazy\" class=\"aligncenter wp-image-404\" src=\"https:\/\/www.autoclasscomposite.com\/site\/wp-content\/uploads\/2021\/01\/image_04.jpg\" alt=\"\" width=\"500\" height=\"451\" srcset=\"https:\/\/www.autoclasscomposite.com\/site\/wp-content\/uploads\/2021\/01\/image_04.jpg 1200w, https:\/\/www.autoclasscomposite.com\/site\/wp-content\/uploads\/2021\/01\/image_04-300x271.jpg 300w, https:\/\/www.autoclasscomposite.com\/site\/wp-content\/uploads\/2021\/01\/image_04-1024x923.jpg 1024w, https:\/\/www.autoclasscomposite.com\/site\/wp-content\/uploads\/2021\/01\/image_04-768x692.jpg 768w\" sizes=\"(max-width: 500px) 100vw, 500px\" \/><\/p>\n<p>As\u00ed se muestra el resultado en una hoja en formato PDF lista para ser impresa, en caso de exportar a dispositivo cada c\u00f3digo QR se muestra en una hoja distinta.<\/p>\n<p>Ahora ya puede tomar las fotograf\u00edas. Recuerde: primero tome una foto del c\u00f3digo QR y despu\u00e9s una de la persona u objeto que deba tomar los datos contenidos en el c\u00f3digo, repita esta secuencia con todas las personas u objetos a fotografiar.<\/p>\n<p>Despu\u00e9s de la toma de fotograf\u00edas ejecute nuevamente la aplicaci\u00f3n y seleccione procesar im\u00e1genes.<\/p>\n<p><img decoding=\"async\" loading=\"lazy\" class=\"aligncenter wp-image-405\" src=\"https:\/\/www.autoclasscomposite.com\/site\/wp-content\/uploads\/2021\/01\/image_05.jpg\" alt=\"\" width=\"500\" height=\"452\" srcset=\"https:\/\/www.autoclasscomposite.com\/site\/wp-content\/uploads\/2021\/01\/image_05.jpg 1200w, https:\/\/www.autoclasscomposite.com\/site\/wp-content\/uploads\/2021\/01\/image_05-300x272.jpg 300w, https:\/\/www.autoclasscomposite.com\/site\/wp-content\/uploads\/2021\/01\/image_05-1024x927.jpg 1024w, https:\/\/www.autoclasscomposite.com\/site\/wp-content\/uploads\/2021\/01\/image_05-768x695.jpg 768w\" sizes=\"(max-width: 500px) 100vw, 500px\" \/><\/p>\n<p>Habilite el procesamiento de C\u00f3digos QR y haga click en cargar im\u00e1genes, debe seleccionar todas las fotograf\u00edas tomadas incluyendo las de los c\u00f3digos QR pero recuerde que a cada c\u00f3digo le debe seguir una y solo una foto de la persona u objeto (es posible que tenga que seleccionar la mejor fotograf\u00eda antes de importarlas para descartar fotos repetidas del mismo sujeto).<\/p>\n<p>La aplicaci\u00f3n leer\u00e1 el c\u00f3digo QR de la imagen y aplicar\u00e1 su contenido a la siguiente imagen renombr\u00e1ndola. Este contenido aparecer\u00e1 justo debajo de la fotograf\u00eda en la lista, a la derecha se mostrar\u00e1n los distintos campos (nombre, apellidos, asignatura) listos para ser editados tras seleccionar una fotograf\u00eda a la izquierda.<\/p>\n<p>Tambi\u00e9n es posible importar un listado de nombres desde un archivo de texto y asignar su contenido a las im\u00e1genes, puede hacerlo de una en una arrastrando el texto con el nombre a la imagen o bien todas a la vez con la opci\u00f3n de Aplicar todos los nombres disponible en la parte inferior (tenga cuidado de que el orden de las fotos corresponda con el orden de la lista de nombres).<\/p>\n<p>Una vez todas las im\u00e1genes tengan el nombre correcto debajo puede hacer click en Renombrar archivos, esto modificar\u00e1 el nombre de cada archivo en el disco sobreescribiendo el nombre anterior y en caso necesario se incluir\u00e1 un caracter de nueva l\u00ednea (#) para crear correctamente la orla.[\/vc_column_text][\/vc_column][\/vc_row]\n","protected":false},"excerpt":{"rendered":"<p>[vc_row type=&#8221;in_container&#8221; full_screen_row_position=&#8221;middle&#8221; scene_position=&#8221;center&#8221; text_color=&#8221;dark&#8221; text_align=&#8221;left&#8221; overlay_strength=&#8221;0.3&#8243; shape_divider_position=&#8221;bottom&#8221;][vc_column column_padding=&#8221;no-extra-padding&#8221; column_padding_position=&#8221;all&#8221; background_color_opacity=&#8221;1&#8243; background_hover_color_opacity=&#8221;1&#8243; column_shadow=&#8221;none&#8221; column_border_radius=&#8221;none&#8221; width=&#8221;1\/1&#8243; tablet_text_alignment=&#8221;default&#8221; phone_text_alignment=&#8221;default&#8221; column_border_width=&#8221;none&#8221; column_border_style=&#8221;solid&#8221;][vc_column_text] Renombrar archivos de im\u00e1genes C\u00f3mo renombrar autom\u00e1ticamente archivos de im\u00e1genes usando&#8230;<\/p>\n","protected":false},"author":1,"featured_media":0,"parent":0,"menu_order":0,"comment_status":"closed","ping_status":"closed","template":"","meta":[],"_links":{"self":[{"href":"https:\/\/www.autoclasscomposite.com\/site\/wp-json\/wp\/v2\/pages\/407"}],"collection":[{"href":"https:\/\/www.autoclasscomposite.com\/site\/wp-json\/wp\/v2\/pages"}],"about":[{"href":"https:\/\/www.autoclasscomposite.com\/site\/wp-json\/wp\/v2\/types\/page"}],"author":[{"embeddable":true,"href":"https:\/\/www.autoclasscomposite.com\/site\/wp-json\/wp\/v2\/users\/1"}],"replies":[{"embeddable":true,"href":"https:\/\/www.autoclasscomposite.com\/site\/wp-json\/wp\/v2\/comments?post=407"}],"version-history":[{"count":3,"href":"https:\/\/www.autoclasscomposite.com\/site\/wp-json\/wp\/v2\/pages\/407\/revisions"}],"predecessor-version":[{"id":410,"href":"https:\/\/www.autoclasscomposite.com\/site\/wp-json\/wp\/v2\/pages\/407\/revisions\/410"}],"wp:attachment":[{"href":"https:\/\/www.autoclasscomposite.com\/site\/wp-json\/wp\/v2\/media?parent=407"}],"curies":[{"name":"wp","href":"https:\/\/api.w.org\/{rel}","templated":true}]}}