{"id":359,"date":"2018-10-18T09:52:41","date_gmt":"2018-10-18T08:52:41","guid":{"rendered":"https:\/\/www.autoclasscomposite.com\/site\/easy-class-composite-copy\/"},"modified":"2021-12-12T10:34:01","modified_gmt":"2021-12-12T09:34:01","slug":"easy-class-composite-es","status":"publish","type":"page","link":"https:\/\/www.autoclasscomposite.com\/site\/easy-class-composite-es\/","title":{"rendered":"Easy Class Composite es"},"content":{"rendered":"[vc_row type=&#8221;in_container&#8221; full_screen_row_position=&#8221;middle&#8221; scene_position=&#8221;center&#8221; text_color=&#8221;dark&#8221; text_align=&#8221;left&#8221; overlay_strength=&#8221;0.3&#8243; shape_divider_position=&#8221;bottom&#8221;][vc_column column_padding=&#8221;no-extra-padding&#8221; column_padding_position=&#8221;all&#8221; background_color_opacity=&#8221;1&#8243; background_hover_color_opacity=&#8221;1&#8243; column_shadow=&#8221;none&#8221; column_border_radius=&#8221;none&#8221; width=&#8221;1\/2&#8243; tablet_text_alignment=&#8221;default&#8221; phone_text_alignment=&#8221;default&#8221; column_border_width=&#8221;none&#8221; column_border_style=&#8221;solid&#8221;]<div class=\"img-with-aniamtion-wrap center\" data-max-width=\"100%\" data-border-radius=\"none\"><div class=\"inner\"><img data-shadow=\"none\" data-shadow-direction=\"middle\" class=\"img-with-animation \" data-delay=\"0\" height=\"599\" width=\"800\" data-animation=\"fade-in\" src=\"https:\/\/www.autoclasscomposite.com\/site\/wp-content\/uploads\/2018\/10\/Tutorial_es_html_92c941150c061f33.jpg\" srcset=\"https:\/\/www.autoclasscomposite.com\/site\/wp-content\/uploads\/2018\/10\/Tutorial_es_html_92c941150c061f33.jpg 800w, https:\/\/www.autoclasscomposite.com\/site\/wp-content\/uploads\/2018\/10\/Tutorial_es_html_92c941150c061f33-300x225.jpg 300w, https:\/\/www.autoclasscomposite.com\/site\/wp-content\/uploads\/2018\/10\/Tutorial_es_html_92c941150c061f33-768x575.jpg 768w\" sizes=\"100vw\" alt=\"Class composite made with Easy Class Composite\" \/><\/div><\/div>[\/vc_column][vc_column column_padding=&#8221;no-extra-padding&#8221; column_padding_position=&#8221;all&#8221; background_color_opacity=&#8221;1&#8243; background_hover_color_opacity=&#8221;1&#8243; column_shadow=&#8221;none&#8221; column_border_radius=&#8221;none&#8221; width=&#8221;1\/2&#8243; tablet_text_alignment=&#8221;default&#8221; phone_text_alignment=&#8221;default&#8221; column_border_width=&#8221;none&#8221; column_border_style=&#8221;solid&#8221;][vc_column_text]<strong>Easy Class Composite<\/strong> es una aplicaci\u00f3n con su propia \u00e1rea de dise\u00f1o para crear orlas de cualquier tem\u00e1tica.<\/p>\n<p>Tan s\u00f3lo tienes que introducir las medidas de la orla, a\u00f1adir fotograf\u00edas y hacer clic en crear orla, la aplicaci\u00f3n distribuir\u00e1 las fotograf\u00edas por t\u00ed y colocar\u00e1 el nombre debajo de cada foto.<\/p>\n<p>Puedes usar layouts predefinidos* , a\u00f1adir m\u00e1scaras, clipart y marcos. Y, por supuesto, control total de los textos, fuentes, tama\u00f1os, etc.<\/p>\n<p>Las im\u00e1genes pueden redimensionarse, tanto en su propia capa como en la orla, dise\u00f1o libre, curvado de filas, alineamiento magn\u00e9tico, etc, etc.<\/p>\n<h6>*layouts hasta para 50 componentes, para m\u00e1s utilizar la distribuci\u00f3n autom\u00e1tica.<\/h6>\n[\/vc_column_text][\/vc_column][\/vc_row][vc_row type=&#8221;in_container&#8221; full_screen_row_position=&#8221;middle&#8221; scene_position=&#8221;center&#8221; text_color=&#8221;dark&#8221; text_align=&#8221;left&#8221; overlay_strength=&#8221;0.3&#8243; shape_divider_position=&#8221;bottom&#8221;][vc_column column_padding=&#8221;no-extra-padding&#8221; column_padding_position=&#8221;all&#8221; background_color_opacity=&#8221;1&#8243; background_hover_color_opacity=&#8221;1&#8243; column_shadow=&#8221;none&#8221; column_border_radius=&#8221;none&#8221; width=&#8221;1\/2&#8243; tablet_text_alignment=&#8221;default&#8221; phone_text_alignment=&#8221;default&#8221; column_border_width=&#8221;none&#8221; column_border_style=&#8221;solid&#8221;]<div class=\"img-with-aniamtion-wrap center\" data-max-width=\"100%\" data-border-radius=\"none\"><div class=\"inner\"><img data-shadow=\"none\" data-shadow-direction=\"middle\" class=\"img-with-animation \" data-delay=\"0\" height=\"450\" width=\"800\" data-animation=\"fade-in\" src=\"https:\/\/www.autoclasscomposite.com\/site\/wp-content\/uploads\/2018\/10\/Tutorial_es_html_c983c6e9e83ba0f.jpg\" srcset=\"https:\/\/www.autoclasscomposite.com\/site\/wp-content\/uploads\/2018\/10\/Tutorial_es_html_c983c6e9e83ba0f.jpg 800w, https:\/\/www.autoclasscomposite.com\/site\/wp-content\/uploads\/2018\/10\/Tutorial_es_html_c983c6e9e83ba0f-300x169.jpg 300w, https:\/\/www.autoclasscomposite.com\/site\/wp-content\/uploads\/2018\/10\/Tutorial_es_html_c983c6e9e83ba0f-768x432.jpg 768w\" sizes=\"100vw\" alt=\"Composite framing\" \/><\/div><\/div>[\/vc_column][vc_column column_padding=&#8221;no-extra-padding&#8221; column_padding_position=&#8221;all&#8221; background_color_opacity=&#8221;1&#8243; background_hover_color_opacity=&#8221;1&#8243; column_shadow=&#8221;none&#8221; column_border_radius=&#8221;none&#8221; width=&#8221;1\/2&#8243; tablet_text_alignment=&#8221;default&#8221; phone_text_alignment=&#8221;default&#8221; column_border_width=&#8221;none&#8221; column_border_style=&#8221;solid&#8221;]<div class=\"img-with-aniamtion-wrap center\" data-max-width=\"100%\" data-border-radius=\"none\"><div class=\"inner\"><img data-shadow=\"none\" data-shadow-direction=\"middle\" class=\"img-with-animation \" data-delay=\"0\" height=\"450\" width=\"800\" data-animation=\"fade-in\" src=\"https:\/\/www.autoclasscomposite.com\/site\/wp-content\/uploads\/2018\/10\/Tutorial_es_html_9ea92da52d95000f.jpg\" srcset=\"https:\/\/www.autoclasscomposite.com\/site\/wp-content\/uploads\/2018\/10\/Tutorial_es_html_9ea92da52d95000f.jpg 800w, https:\/\/www.autoclasscomposite.com\/site\/wp-content\/uploads\/2018\/10\/Tutorial_es_html_9ea92da52d95000f-300x169.jpg 300w, https:\/\/www.autoclasscomposite.com\/site\/wp-content\/uploads\/2018\/10\/Tutorial_es_html_9ea92da52d95000f-768x432.jpg 768w\" sizes=\"100vw\" alt=\"Easy Class Composite texts\" \/><\/div><\/div>[\/vc_column][\/vc_row][vc_row type=&#8221;in_container&#8221; full_screen_row_position=&#8221;middle&#8221; scene_position=&#8221;center&#8221; text_color=&#8221;dark&#8221; text_align=&#8221;left&#8221; overlay_strength=&#8221;0.3&#8243; shape_divider_position=&#8221;bottom&#8221;][vc_column column_padding=&#8221;no-extra-padding&#8221; column_padding_position=&#8221;all&#8221; background_color_opacity=&#8221;1&#8243; background_hover_color_opacity=&#8221;1&#8243; column_shadow=&#8221;none&#8221; column_border_radius=&#8221;none&#8221; width=&#8221;1\/3&#8243; tablet_text_alignment=&#8221;default&#8221; phone_text_alignment=&#8221;default&#8221; column_border_width=&#8221;none&#8221; column_border_style=&#8221;solid&#8221;]<div class=\"img-with-aniamtion-wrap center\" data-max-width=\"100%\" data-border-radius=\"none\"><div class=\"inner\"><img data-shadow=\"none\" data-shadow-direction=\"middle\" class=\"img-with-animation \" data-delay=\"0\" height=\"572\" width=\"800\" data-animation=\"fade-in\" src=\"https:\/\/www.autoclasscomposite.com\/site\/wp-content\/uploads\/2018\/10\/Tutorial_es_html_f8d3ce6c5bcab99b.jpg\" srcset=\"https:\/\/www.autoclasscomposite.com\/site\/wp-content\/uploads\/2018\/10\/Tutorial_es_html_f8d3ce6c5bcab99b.jpg 800w, https:\/\/www.autoclasscomposite.com\/site\/wp-content\/uploads\/2018\/10\/Tutorial_es_html_f8d3ce6c5bcab99b-300x215.jpg 300w, https:\/\/www.autoclasscomposite.com\/site\/wp-content\/uploads\/2018\/10\/Tutorial_es_html_f8d3ce6c5bcab99b-768x549.jpg 768w\" sizes=\"100vw\" alt=\"Naming pictures automatically with QR codes\" \/><\/div><\/div>[\/vc_column][vc_column column_padding=&#8221;no-extra-padding&#8221; column_padding_position=&#8221;all&#8221; background_color_opacity=&#8221;1&#8243; background_hover_color_opacity=&#8221;1&#8243; column_shadow=&#8221;none&#8221; column_border_radius=&#8221;none&#8221; width=&#8221;1\/3&#8243; tablet_text_alignment=&#8221;default&#8221; phone_text_alignment=&#8221;default&#8221; column_border_width=&#8221;none&#8221; column_border_style=&#8221;solid&#8221;][vc_column_text]Renombra autom\u00e1ticamente las fotograf\u00edas usando c\u00f3digos QR, tan f\u00e1cil como tomar una foto del c\u00f3digo QR y luego fotografiar a la persona. Easy Class Composite importar\u00e1 las im\u00e1genes renombrandolas para incluir los datos del c\u00f3digo QR.<\/p>\n<p>Los c\u00f3digos QR pueden ser creados desde una lista importada o introducida manualmente, despu\u00e9s la puedes exportar a un documento PDF con m\u00faltiples c\u00f3digos por p\u00e1gina (para imprimir) o un s\u00f3lo c\u00f3digo QR por p\u00e1gina (para visualizar en tableta o smartphone).<\/p>\n<p>O puedes usar directamente la aplicaci\u00f3n para renombrar las im\u00e1genes desde una lista de texto.[\/vc_column_text][\/vc_column][vc_column column_padding=&#8221;no-extra-padding&#8221; column_padding_position=&#8221;all&#8221; background_color_opacity=&#8221;1&#8243; background_hover_color_opacity=&#8221;1&#8243; column_shadow=&#8221;none&#8221; column_border_radius=&#8221;none&#8221; width=&#8221;1\/3&#8243; tablet_text_alignment=&#8221;default&#8221; phone_text_alignment=&#8221;default&#8221; column_border_width=&#8221;none&#8221; column_border_style=&#8221;solid&#8221;]<div class=\"img-with-aniamtion-wrap center\" data-max-width=\"100%\" data-border-radius=\"none\"><div class=\"inner\"><img data-shadow=\"none\" data-shadow-direction=\"middle\" class=\"img-with-animation \" data-delay=\"0\" height=\"700\" width=\"800\" data-animation=\"fade-in\" src=\"https:\/\/www.autoclasscomposite.com\/site\/wp-content\/uploads\/2018\/10\/import_text.jpg\" srcset=\"https:\/\/www.autoclasscomposite.com\/site\/wp-content\/uploads\/2018\/10\/import_text.jpg 800w, https:\/\/www.autoclasscomposite.com\/site\/wp-content\/uploads\/2018\/10\/import_text-300x263.jpg 300w, https:\/\/www.autoclasscomposite.com\/site\/wp-content\/uploads\/2018\/10\/import_text-768x672.jpg 768w\" sizes=\"100vw\" alt=\"Easily rename picture images\" \/><\/div><\/div>[\/vc_column][\/vc_row][vc_row type=&#8221;full_width_background&#8221; full_screen_row_position=&#8221;middle&#8221; bg_color=&#8221;#7a7a7a&#8221; scene_position=&#8221;center&#8221; text_color=&#8221;light&#8221; text_align=&#8221;left&#8221; top_padding=&#8221;20&#8243; bottom_padding=&#8221;20&#8243; overlay_strength=&#8221;0.3&#8243; shape_divider_position=&#8221;bottom&#8221; shape_type=&#8221;&#8221;][vc_column column_padding=&#8221;no-extra-padding&#8221; column_padding_position=&#8221;all&#8221; background_color_opacity=&#8221;1&#8243; background_hover_color_opacity=&#8221;1&#8243; column_shadow=&#8221;none&#8221; column_border_radius=&#8221;none&#8221; width=&#8221;1\/1&#8243; tablet_text_alignment=&#8221;default&#8221; phone_text_alignment=&#8221;default&#8221; column_border_width=&#8221;none&#8221; column_border_style=&#8221;solid&#8221;][vc_column_text]\n<h2 style=\"text-align: center;\">S\u00f3lo 29.99\u20ac\u00a0 (+IVA) por una licencia de Easy Class Composite.<\/h2>\n<p style=\"text-align: center;\">Easy Class Composite est\u00e1 disponible para Windows (Vista o superior en 64bits) y Mac OS X (10.8 o superior)<\/p>\n[\/vc_column_text][\/vc_column][\/vc_row][vc_row type=&#8221;in_container&#8221; full_screen_row_position=&#8221;middle&#8221; scene_position=&#8221;center&#8221; text_color=&#8221;dark&#8221; text_align=&#8221;left&#8221; top_padding=&#8221;10&#8243; overlay_strength=&#8221;0.3&#8243; shape_divider_position=&#8221;bottom&#8221; shape_type=&#8221;&#8221;][vc_column column_padding=&#8221;no-extra-padding&#8221; column_padding_position=&#8221;all&#8221; background_color_opacity=&#8221;1&#8243; background_hover_color_opacity=&#8221;1&#8243; column_shadow=&#8221;none&#8221; column_border_radius=&#8221;none&#8221; width=&#8221;1\/2&#8243; tablet_text_alignment=&#8221;default&#8221; phone_text_alignment=&#8221;default&#8221; column_border_width=&#8221;none&#8221; column_border_style=&#8221;solid&#8221;][vc_column_text]\n<h2 style=\"text-align: center;\">Mac OS X<\/h2>\n[\/vc_column_text][vc_column_text]La versi\u00f3n para Mac OS X est\u00e1 disponible en el Apple Store<br \/>\n<a href=\"https:\/\/itunes.apple.com\/WebObjects\/MZStore.woa\/wa\/viewSoftware?id=1421862350&amp;mt=12\"><img decoding=\"async\" loading=\"lazy\" class=\"aligncenter size-full wp-image-344\" src=\"https:\/\/www.autoclasscomposite.com\/site\/wp-content\/uploads\/2018\/10\/Download_on_the_App_Store_Badge_80_US-UK_135x40-copia.png\" alt=\"\" width=\"269\" height=\"80\" \/><\/a>[\/vc_column_text][\/vc_column][vc_column column_padding=&#8221;no-extra-padding&#8221; column_padding_position=&#8221;all&#8221; background_color_opacity=&#8221;1&#8243; background_hover_color_opacity=&#8221;1&#8243; column_shadow=&#8221;none&#8221; column_border_radius=&#8221;none&#8221; width=&#8221;1\/2&#8243; tablet_text_alignment=&#8221;default&#8221; phone_text_alignment=&#8221;default&#8221; column_border_width=&#8221;none&#8221; column_border_style=&#8221;solid&#8221;][vc_column_text]\n<h2 style=\"text-align: center;\">WINDOWS<\/h2>\n[\/vc_column_text][vc_column_text]Easy Class Composite para Windows est\u00e1 disponible para probarla, pero ten en cuenta que no podr\u00e1s exportar el resultado a jpg hasta que adquieras una licencia.<\/p>\n<p style=\"text-align: center;\"><a class=\"nectar-button large accent-color regular-button\" target=\"_blank\" href=\"https:\/\/www.albumds.com\/resources\/downloaddemo.php?&amp;fileurl=ECCPC&amp;source=demo_easyclasscomposite\" data-color-override=\"false\" data-hover-color-override=\"false\" data-hover-text-color-override=\"#fff\"><span>Pru\u00e9bala AHORA!<\/span><\/a>\n[\/vc_column_text][vc_raw_html css=&#8221;.vc_custom_1639301639776{margin-top: 20px !important;}&#8221;]JTNDc3R5bGUlM0UlMEEucGFkZGxlYnV0dG9uJTIwJTdCJTBBJTIwJTIwYmFja2dyb3VuZC1jb2xvciUzQSUyMCUyMzM1OTNkYiUzQiUwQSUyMCUyMGJvcmRlciUzQSUyMG5vbmUlM0IlMEElMjAlMjBib3JkZXItcmFkaXVzJTNBJTIwMjBweCUzQiUwQSUyMCUyMGJveC1zaGFkb3clM0ElMjA1cHglMjA4cHglMjAxMHB4JTIwcmdiYSUyODAlMkMlMjAwJTJDJTIwMCUyQyUyMDAuMyUyOSUzQiUwQSUyMCUyMGNvbG9yJTNBJTIwd2hpdGUlM0IlMEElMjAlMjBwYWRkaW5nJTNBJTIwMTVweCUyMDUwcHglM0IlMEElMjAlMjB0ZXh0LWFsaWduJTNBJTIwY2VudGVyJTNCJTBBJTIwJTIwdGV4dC1kZWNvcmF0aW9uJTNBJTIwbm9uZSUzQiUwQSUyMCUyMGRpc3BsYXklM0ElMjBpbmxpbmUtYmxvY2slM0IlMEElMjAlMjBmb250LXNpemUlM0ElMjAyMHB4JTNCJTBBJTIwJTIwZm9udC13ZWlnaHQlM0ElMjBib2xkJTNCJTBBJTIwJTIwbWFyZ2luJTNBJTIwNHB4JTIwMnB4JTNCJTBBJTIwJTIwY3Vyc29yJTNBJTIwcG9pbnRlciUzQiUwQSU3RCUwQSUzQyUyRnN0eWxlJTNFJTBBJTNDY2VudGVyJTNFJTNDYnV0dG9uJTIwbmFtZSUzRCUyMnBhZGRsZV9idXlfYnV0dG9uJTIyJTIwY2xhc3MlM0QlMjJwYWRkbGVfYnV0dG9uJTIwcGFkZGxlYnV0dG9uJTIyJTIwZGF0YS1wcm9kdWN0JTNEJTIyNzQ2NDQ0JTIyJTIwZGF0YS10aGVtZSUzRCUyMm5vbmUlMjIlMjAlM0VDT01QUkElMjBBSE9SQSUzQyUyRmJ1dHRvbiUzRSUzQyUyRmNlbnRlciUzRQ==[\/vc_raw_html][vc_column_text]\n<p style=\"text-align: center;\"><em>El precio en su moneda local se mostrar\u00e1 al realizar el pedido, todos los pedidos son gestionados por Paddle.com<\/em><\/p>\n[\/vc_column_text][\/vc_column][\/vc_row][vc_row type=&#8221;in_container&#8221; full_screen_row_position=&#8221;middle&#8221; scene_position=&#8221;center&#8221; text_color=&#8221;dark&#8221; text_align=&#8221;left&#8221; top_padding=&#8221;15&#8243; overlay_strength=&#8221;0.3&#8243; shape_divider_position=&#8221;bottom&#8221; shape_type=&#8221;&#8221;][vc_column column_padding=&#8221;no-extra-padding&#8221; column_padding_position=&#8221;all&#8221; background_color_opacity=&#8221;1&#8243; background_hover_color_opacity=&#8221;1&#8243; column_shadow=&#8221;none&#8221; column_border_radius=&#8221;none&#8221; width=&#8221;1\/1&#8243; tablet_text_alignment=&#8221;default&#8221; phone_text_alignment=&#8221;default&#8221; column_border_width=&#8221;none&#8221; column_border_style=&#8221;solid&#8221;][vc_column_text]\n<h2>Aprende a usar Easy Class Composite<\/h2>\n<p><a href=\"https:\/\/www.autoclasscomposite.com\/resources\/helpecc\/guia.html\">Sigue este enlace a la gu\u00eda de usuario en Ingl\u00e9s y Espa\u00f1ol<\/a>[\/vc_column_text][\/vc_column][\/vc_row]\n","protected":false},"excerpt":{"rendered":"<p>[vc_row type=&#8221;in_container&#8221; full_screen_row_position=&#8221;middle&#8221; scene_position=&#8221;center&#8221; text_color=&#8221;dark&#8221; text_align=&#8221;left&#8221; overlay_strength=&#8221;0.3&#8243; shape_divider_position=&#8221;bottom&#8221;][vc_column column_padding=&#8221;no-extra-padding&#8221; column_padding_position=&#8221;all&#8221; background_color_opacity=&#8221;1&#8243; background_hover_color_opacity=&#8221;1&#8243; column_shadow=&#8221;none&#8221; column_border_radius=&#8221;none&#8221; width=&#8221;1\/2&#8243; tablet_text_alignment=&#8221;default&#8221; phone_text_alignment=&#8221;default&#8221; column_border_width=&#8221;none&#8221; column_border_style=&#8221;solid&#8221;][\/vc_column][vc_column column_padding=&#8221;no-extra-padding&#8221; column_padding_position=&#8221;all&#8221; background_color_opacity=&#8221;1&#8243; background_hover_color_opacity=&#8221;1&#8243; column_shadow=&#8221;none&#8221; column_border_radius=&#8221;none&#8221; width=&#8221;1\/2&#8243; tablet_text_alignment=&#8221;default&#8221; phone_text_alignment=&#8221;default&#8221; column_border_width=&#8221;none&#8221; column_border_style=&#8221;solid&#8221;][vc_column_text]Easy&#8230;<\/p>\n","protected":false},"author":1,"featured_media":0,"parent":0,"menu_order":0,"comment_status":"closed","ping_status":"closed","template":"","meta":[],"_links":{"self":[{"href":"https:\/\/www.autoclasscomposite.com\/site\/wp-json\/wp\/v2\/pages\/359"}],"collection":[{"href":"https:\/\/www.autoclasscomposite.com\/site\/wp-json\/wp\/v2\/pages"}],"about":[{"href":"https:\/\/www.autoclasscomposite.com\/site\/wp-json\/wp\/v2\/types\/page"}],"author":[{"embeddable":true,"href":"https:\/\/www.autoclasscomposite.com\/site\/wp-json\/wp\/v2\/users\/1"}],"replies":[{"embeddable":true,"href":"https:\/\/www.autoclasscomposite.com\/site\/wp-json\/wp\/v2\/comments?post=359"}],"version-history":[{"count":12,"href":"https:\/\/www.autoclasscomposite.com\/site\/wp-json\/wp\/v2\/pages\/359\/revisions"}],"predecessor-version":[{"id":493,"href":"https:\/\/www.autoclasscomposite.com\/site\/wp-json\/wp\/v2\/pages\/359\/revisions\/493"}],"wp:attachment":[{"href":"https:\/\/www.autoclasscomposite.com\/site\/wp-json\/wp\/v2\/media?parent=359"}],"curies":[{"name":"wp","href":"https:\/\/api.w.org\/{rel}","templated":true}]}}