{"id":217,"date":"2018-02-05T18:27:24","date_gmt":"2018-02-05T17:27:24","guid":{"rendered":"http:\/\/autoclasscomposite.com\/site\/custom-shapes-copy\/"},"modified":"2018-02-05T18:33:07","modified_gmt":"2018-02-05T17:33:07","slug":"formas-propias","status":"publish","type":"page","link":"https:\/\/www.autoclasscomposite.com\/site\/formas-propias\/","title":{"rendered":"Formas propias"},"content":{"rendered":"[vc_row type=&#8221;in_container&#8221; full_screen_row_position=&#8221;middle&#8221; scene_position=&#8221;center&#8221; text_color=&#8221;dark&#8221; text_align=&#8221;left&#8221; overlay_strength=&#8221;0.3&#8243; shape_divider_position=&#8221;bottom&#8221;][vc_column column_padding=&#8221;no-extra-padding&#8221; column_padding_position=&#8221;all&#8221; background_color_opacity=&#8221;1&#8243; background_hover_color_opacity=&#8221;1&#8243; column_shadow=&#8221;none&#8221; column_border_radius=&#8221;none&#8221; width=&#8221;1\/1&#8243; tablet_text_alignment=&#8221;default&#8221; phone_text_alignment=&#8221;default&#8221; column_border_width=&#8221;none&#8221; column_border_style=&#8221;solid&#8221;][vc_column_text]\n<h2><a href=\"https:\/\/www.autoclasscomposite.com\/web\/index.php\/es\/soporte\/formas-propias\">FORMAS PROPIAS<\/a><\/h2>\n<p>Vamos a crear una orla donde pongamos las fotograf\u00edas en capas de forma que tenga un aspecto especial, de este modo las fotograf\u00edas tendr\u00e1n el mismo aspecto o forma. Puedes crear capas de forma con cualquier forma y reutilizarlas en sus orlas.<\/p>\n<p>Sigue estos pasos:<\/p>\n<p>1.- En Photoshop\u00ae crea un nuevo documento o abre una de las plantillas de Auto Class Composite &#8211; Orlas y redimensionala<\/p>\n<p><img decoding=\"async\" loading=\"lazy\" class=\"aligncenter size-full wp-image-153\" src=\"https:\/\/autoclasscomposite.com\/site\/wp-content\/uploads\/2018\/02\/tut1.jpg\" alt=\"\" width=\"500\" height=\"313\" srcset=\"https:\/\/www.autoclasscomposite.com\/site\/wp-content\/uploads\/2018\/02\/tut1.jpg 500w, https:\/\/www.autoclasscomposite.com\/site\/wp-content\/uploads\/2018\/02\/tut1-300x188.jpg 300w\" sizes=\"(max-width: 500px) 100vw, 500px\" \/><br \/>\n2.- Como dec\u00edamos puedes crear cualquier forma, lo \u00fanico que debes hacer es crear una selecci\u00f3n pero como sabr\u00e1s dibujar selecciones no es tan sencillo por lo que convertiremos un clipart en selecci\u00f3n. Por favor abre un clipart en Photoshop\u00ae<br \/>\n<img decoding=\"async\" loading=\"lazy\" class=\"aligncenter size-full wp-image-154\" src=\"https:\/\/autoclasscomposite.com\/site\/wp-content\/uploads\/2018\/02\/tut2.jpg\" alt=\"\" width=\"500\" height=\"313\" srcset=\"https:\/\/www.autoclasscomposite.com\/site\/wp-content\/uploads\/2018\/02\/tut2.jpg 500w, https:\/\/www.autoclasscomposite.com\/site\/wp-content\/uploads\/2018\/02\/tut2-300x188.jpg 300w\" sizes=\"(max-width: 500px) 100vw, 500px\" \/><\/p>\n<p>3.- Seleccione la silueta o borde del clipart, esto se puede hacer f\u00e1cilmente con la herramienta de selecci\u00f3n m\u00e1gica de Photoshop\u00ae haciendo click en la parte vac\u00eda del clipart, luego pulse CTRL &#8211; Shift &#8211; I para invertir la selecci\u00f3n, el resultado ser\u00e1 que tienes la parte interna del clipart seleccionada.<br \/>\n<img decoding=\"async\" loading=\"lazy\" class=\"aligncenter size-full wp-image-155\" src=\"https:\/\/autoclasscomposite.com\/site\/wp-content\/uploads\/2018\/02\/tut3.jpg\" alt=\"\" width=\"340\" height=\"327\" srcset=\"https:\/\/www.autoclasscomposite.com\/site\/wp-content\/uploads\/2018\/02\/tut3.jpg 340w, https:\/\/www.autoclasscomposite.com\/site\/wp-content\/uploads\/2018\/02\/tut3-300x289.jpg 300w\" sizes=\"(max-width: 340px) 100vw, 340px\" \/><br \/>\n4.- En la ventana de capas de Photoshop\u00ae selecciona la pesta\u00f1a correspondiente a trazos y haz clic en el icono abajo de &#8220;Convertir selecci\u00f3n a trazo&#8221;<br \/>\n<img decoding=\"async\" loading=\"lazy\" class=\"aligncenter size-full wp-image-156\" src=\"https:\/\/autoclasscomposite.com\/site\/wp-content\/uploads\/2018\/02\/tut4.jpg\" alt=\"\" width=\"436\" height=\"582\" srcset=\"https:\/\/www.autoclasscomposite.com\/site\/wp-content\/uploads\/2018\/02\/tut4.jpg 436w, https:\/\/www.autoclasscomposite.com\/site\/wp-content\/uploads\/2018\/02\/tut4-225x300.jpg 225w\" sizes=\"(max-width: 436px) 100vw, 436px\" \/><\/p>\n<p>obtendr\u00e1s un trazo con la misma forma de su clipart \/ selecci\u00f3n.<\/p>\n<p>5.- Selecciona esta capa de trazo y en el men\u00fa de Photoshop\u00ae selecciona la opci\u00f3n Capa &#8211; Nueva capa de relleno, nombrala como Forma o Shape<\/p>\n<p><img decoding=\"async\" loading=\"lazy\" class=\"aligncenter size-full wp-image-157\" src=\"https:\/\/autoclasscomposite.com\/site\/wp-content\/uploads\/2018\/02\/tut5.jpg\" alt=\"\" width=\"500\" height=\"313\" srcset=\"https:\/\/www.autoclasscomposite.com\/site\/wp-content\/uploads\/2018\/02\/tut5.jpg 500w, https:\/\/www.autoclasscomposite.com\/site\/wp-content\/uploads\/2018\/02\/tut5-300x188.jpg 300w\" sizes=\"(max-width: 500px) 100vw, 500px\" \/><br \/>\n6.- Selecciona un color de relleno para la capa, obtendr\u00e1s una capa de forma con el mismo relieve del clipart o selecci\u00f3n que ten\u00edas al principio<br \/>\n<img decoding=\"async\" loading=\"lazy\" class=\"aligncenter size-full wp-image-158\" src=\"https:\/\/autoclasscomposite.com\/site\/wp-content\/uploads\/2018\/02\/tut6.jpg\" alt=\"\" width=\"458\" height=\"582\" srcset=\"https:\/\/www.autoclasscomposite.com\/site\/wp-content\/uploads\/2018\/02\/tut6.jpg 458w, https:\/\/www.autoclasscomposite.com\/site\/wp-content\/uploads\/2018\/02\/tut6-236x300.jpg 236w\" sizes=\"(max-width: 458px) 100vw, 458px\" \/><\/p>\n<p>7.- Ahora puedes eliminar la capa del clipart, no la usar\u00e1s. Selecciona la nueva capa de forma en Photoshop.<\/p>\n<p>8.- Ya puedes duplicar la capa de forma para todas tus fotograf\u00edas, ejecuta Auto Class Composite &#8211; Orlas y selecciona Ajustar plantilla<\/p>\n<p><img decoding=\"async\" loading=\"lazy\" class=\"aligncenter size-full wp-image-159\" src=\"https:\/\/autoclasscomposite.com\/site\/wp-content\/uploads\/2018\/02\/tut7.jpg\" alt=\"\" width=\"500\" height=\"314\" srcset=\"https:\/\/www.autoclasscomposite.com\/site\/wp-content\/uploads\/2018\/02\/tut7.jpg 500w, https:\/\/www.autoclasscomposite.com\/site\/wp-content\/uploads\/2018\/02\/tut7-300x188.jpg 300w\" sizes=\"(max-width: 500px) 100vw, 500px\" \/><br \/>\n9.- Introduce el n\u00famero de filas y las fotos por fila que necesitas y pulsa en crear capas de forma<br \/>\n<img decoding=\"async\" loading=\"lazy\" class=\"aligncenter size-full wp-image-160\" src=\"https:\/\/autoclasscomposite.com\/site\/wp-content\/uploads\/2018\/02\/tut9.jpg\" alt=\"\" width=\"500\" height=\"313\" srcset=\"https:\/\/www.autoclasscomposite.com\/site\/wp-content\/uploads\/2018\/02\/tut9.jpg 500w, https:\/\/www.autoclasscomposite.com\/site\/wp-content\/uploads\/2018\/02\/tut9-300x188.jpg 300w\" sizes=\"(max-width: 500px) 100vw, 500px\" \/><br \/>\n10.- Si es necesario mueve las capas reci\u00e9n creadas para dejar sitio a los textos debajo. En Auto Class Composite &#8211; Orlas selecciona la carpeta que contiene tus fotos y pulsa en &#8220;Rellenar orla&#8221;<br \/>\n<img decoding=\"async\" loading=\"lazy\" class=\"aligncenter size-full wp-image-161\" src=\"https:\/\/autoclasscomposite.com\/site\/wp-content\/uploads\/2018\/02\/tut10.jpg\" alt=\"\" width=\"500\" height=\"313\" srcset=\"https:\/\/www.autoclasscomposite.com\/site\/wp-content\/uploads\/2018\/02\/tut10.jpg 500w, https:\/\/www.autoclasscomposite.com\/site\/wp-content\/uploads\/2018\/02\/tut10-300x188.jpg 300w\" sizes=\"(max-width: 500px) 100vw, 500px\" \/><br \/>\nTu orla se rellenar\u00e1 autom\u00e1ticamente con tus fotos y estas tendr\u00e1n la misma silueta de tu clipart \/ selecci\u00f3n. Por supuesto puedes a\u00f1adir un efecto a las capas como un biselado, sombra, etc. lo mejor es que lo hagas en la primera capa antes de duplicarlas.[\/vc_column_text][\/vc_column][\/vc_row]\n","protected":false},"excerpt":{"rendered":"<p>[vc_row type=&#8221;in_container&#8221; full_screen_row_position=&#8221;middle&#8221; scene_position=&#8221;center&#8221; text_color=&#8221;dark&#8221; text_align=&#8221;left&#8221; overlay_strength=&#8221;0.3&#8243; shape_divider_position=&#8221;bottom&#8221;][vc_column column_padding=&#8221;no-extra-padding&#8221; column_padding_position=&#8221;all&#8221; background_color_opacity=&#8221;1&#8243; background_hover_color_opacity=&#8221;1&#8243; column_shadow=&#8221;none&#8221; column_border_radius=&#8221;none&#8221; width=&#8221;1\/1&#8243; tablet_text_alignment=&#8221;default&#8221; phone_text_alignment=&#8221;default&#8221; column_border_width=&#8221;none&#8221; column_border_style=&#8221;solid&#8221;][vc_column_text] FORMAS PROPIAS Vamos a crear una orla donde pongamos las fotograf\u00edas&#8230;<\/p>\n","protected":false},"author":1,"featured_media":0,"parent":0,"menu_order":0,"comment_status":"closed","ping_status":"closed","template":"","meta":[],"_links":{"self":[{"href":"https:\/\/www.autoclasscomposite.com\/site\/wp-json\/wp\/v2\/pages\/217"}],"collection":[{"href":"https:\/\/www.autoclasscomposite.com\/site\/wp-json\/wp\/v2\/pages"}],"about":[{"href":"https:\/\/www.autoclasscomposite.com\/site\/wp-json\/wp\/v2\/types\/page"}],"author":[{"embeddable":true,"href":"https:\/\/www.autoclasscomposite.com\/site\/wp-json\/wp\/v2\/users\/1"}],"replies":[{"embeddable":true,"href":"https:\/\/www.autoclasscomposite.com\/site\/wp-json\/wp\/v2\/comments?post=217"}],"version-history":[{"count":2,"href":"https:\/\/www.autoclasscomposite.com\/site\/wp-json\/wp\/v2\/pages\/217\/revisions"}],"predecessor-version":[{"id":219,"href":"https:\/\/www.autoclasscomposite.com\/site\/wp-json\/wp\/v2\/pages\/217\/revisions\/219"}],"wp:attachment":[{"href":"https:\/\/www.autoclasscomposite.com\/site\/wp-json\/wp\/v2\/media?parent=217"}],"curies":[{"name":"wp","href":"https:\/\/api.w.org\/{rel}","templated":true}]}}