{"id":211,"date":"2018-02-05T16:41:18","date_gmt":"2018-02-05T15:41:18","guid":{"rendered":"http:\/\/autoclasscomposite.com\/site\/step-by-step-composite-copy\/"},"modified":"2022-05-04T18:05:29","modified_gmt":"2022-05-04T17:05:29","slug":"orla-paso-a-paso","status":"publish","type":"page","link":"https:\/\/www.autoclasscomposite.com\/site\/orla-paso-a-paso\/","title":{"rendered":"Orla paso a paso"},"content":{"rendered":"[vc_row type=&#8221;in_container&#8221; full_screen_row_position=&#8221;middle&#8221; scene_position=&#8221;center&#8221; text_color=&#8221;dark&#8221; text_align=&#8221;left&#8221; overlay_strength=&#8221;0.3&#8243; shape_divider_position=&#8221;bottom&#8221;][vc_column column_padding=&#8221;no-extra-padding&#8221; column_padding_position=&#8221;all&#8221; background_color_opacity=&#8221;1&#8243; background_hover_color_opacity=&#8221;1&#8243; column_shadow=&#8221;none&#8221; column_border_radius=&#8221;none&#8221; width=&#8221;1\/1&#8243; tablet_text_alignment=&#8221;default&#8221; phone_text_alignment=&#8221;default&#8221; column_border_width=&#8221;none&#8221; column_border_style=&#8221;solid&#8221;][vc_column_text]<strong>Creando su propia orla paso a paso<\/strong><\/p>\n<p>Abre una plantilla de orlas en Photoshop\u00ae o crea un nuevo documento y dibuja una capa de forma utilizando la herramienta rect\u00e1ngulo de Photoshop, puedes usar tambi\u00e9n las variaciones de esta herramienta como rect\u00e1ngulo redondeado, \u00f3valo, pol\u00edgono o forma abstracta; en este ejemplo voy a utilizar el rect\u00e1ngulo redondeado con un radio de 50 pixels.<\/p>\n<p><img decoding=\"async\" loading=\"lazy\" class=\"aligncenter wp-image-135 size-full\" src=\"https:\/\/autoclasscomposite.com\/site\/wp-content\/uploads\/2018\/02\/stepbystep1.jpg\" alt=\"\" width=\"600\" height=\"492\" srcset=\"https:\/\/www.autoclasscomposite.com\/site\/wp-content\/uploads\/2018\/02\/stepbystep1.jpg 600w, https:\/\/www.autoclasscomposite.com\/site\/wp-content\/uploads\/2018\/02\/stepbystep1-300x246.jpg 300w\" sizes=\"(max-width: 600px) 100vw, 600px\" \/><br \/>\nAhora a\u00f1adir\u00e9 un trazo y un sombreado a esta capa de forma usando los efectos de Photoshop\u00ae disponibles en la parte inferior de la ventana de capas<br \/>\n<img decoding=\"async\" loading=\"lazy\" class=\"aligncenter size-full wp-image-136\" src=\"https:\/\/autoclasscomposite.com\/site\/wp-content\/uploads\/2018\/02\/stepbystep2.jpg\" alt=\"\" width=\"472\" height=\"579\" srcset=\"https:\/\/www.autoclasscomposite.com\/site\/wp-content\/uploads\/2018\/02\/stepbystep2.jpg 472w, https:\/\/www.autoclasscomposite.com\/site\/wp-content\/uploads\/2018\/02\/stepbystep2-245x300.jpg 245w\" sizes=\"(max-width: 472px) 100vw, 472px\" \/><br \/>\nSelecciona la capa de forma que usar\u00e1s como modelo para las dem\u00e1s capas en la ventana de capas de Photoshop\u00ae<br \/>\nEjecuta Orlas &#8211; Auto Class Composite y haz clic en Ajustar plantilla<\/p>\n<p>En <a href=\"https:\/\/www.autoclasscomposite.com\/site\/ajustar-plantilla\/\">AJUSTAR PLANTILLA<\/a> encontrar\u00e1s un tutorial para utilizar esta caracter\u00edstica del programa.<\/p>\n<p>Haz clic en Generar capas de forma, con ello el programa copiar\u00e1 la capa de forma especificada en todas las filas y columnas que desea.<br \/>\nSi las capas de forma salen por fuera del documento simplemente seleccionalas todas y usa la herramienta Mover de Photoshop para redimensionarlas todas a la vez.<\/p>\n<p>Ahora puedes realinear el resto de capas de forma usando la herramienta Mover de Photoshop\u00ae y sus opciones de alineado, la capa de forma puede colocarse en cualquier posici\u00f3n y tama\u00f1o del documento.<\/p>\n<p><img decoding=\"async\" loading=\"lazy\" class=\"aligncenter size-full wp-image-140\" src=\"https:\/\/autoclasscomposite.com\/site\/wp-content\/uploads\/2018\/02\/distribute.jpg\" alt=\"\" width=\"650\" height=\"277\" srcset=\"https:\/\/www.autoclasscomposite.com\/site\/wp-content\/uploads\/2018\/02\/distribute.jpg 650w, https:\/\/www.autoclasscomposite.com\/site\/wp-content\/uploads\/2018\/02\/distribute-300x128.jpg 300w\" sizes=\"(max-width: 650px) 100vw, 650px\" \/><br \/>\nSelecciona en la ventana de capas la primera capa a partir de la cual quieres rellenar la orla, esto te permite rellenar por un lado las capas de profesores y luego las de alumnos con tan s\u00f3lo tener seleccionada la primera capa de cada grupo.<\/p>\n<p><img decoding=\"async\" loading=\"lazy\" class=\"aligncenter size-full wp-image-139\" src=\"https:\/\/autoclasscomposite.com\/site\/wp-content\/uploads\/2018\/02\/stepbystep5.jpg\" alt=\"\" width=\"650\" height=\"537\" srcset=\"https:\/\/www.autoclasscomposite.com\/site\/wp-content\/uploads\/2018\/02\/stepbystep5.jpg 650w, https:\/\/www.autoclasscomposite.com\/site\/wp-content\/uploads\/2018\/02\/stepbystep5-300x248.jpg 300w\" sizes=\"(max-width: 650px) 100vw, 650px\" \/><\/p>\n<p>En Orlas &#8211; Auto Class Composite haz clic en Seleccionar carpeta y selecciona la carpeta que contiene las fotograf\u00edas.<br \/>\nHaz clic en Rellenar Orla<\/p>\n<p>Orlas &#8211; Auto Class Composite rellenar\u00e1 la orla y colocar\u00e1 los nombres debajo autom\u00e1ticamente.<\/p>\n<p>Una vez ha terminado este proceso puedes seleccionar todas las capas de texto juntas ( de las posiciones superiores de la ventana de capas) y cambiar la fuente, el tama\u00f1o, el color y cualquier otro ajuste de texto o p\u00e1rrafo.<\/p>\n<p><img decoding=\"async\" loading=\"lazy\" class=\"aligncenter size-full wp-image-142\" src=\"https:\/\/autoclasscomposite.com\/site\/wp-content\/uploads\/2018\/02\/selecttextlayers.jpg\" alt=\"\" width=\"650\" height=\"407\" srcset=\"https:\/\/www.autoclasscomposite.com\/site\/wp-content\/uploads\/2018\/02\/selecttextlayers.jpg 650w, https:\/\/www.autoclasscomposite.com\/site\/wp-content\/uploads\/2018\/02\/selecttextlayers-300x188.jpg 300w\" sizes=\"(max-width: 650px) 100vw, 650px\" \/><\/p>\n<p><img decoding=\"async\" loading=\"lazy\" class=\"aligncenter size-full wp-image-143\" src=\"https:\/\/autoclasscomposite.com\/site\/wp-content\/uploads\/2018\/02\/changetextfont.jpg\" alt=\"\" width=\"650\" height=\"463\" srcset=\"https:\/\/www.autoclasscomposite.com\/site\/wp-content\/uploads\/2018\/02\/changetextfont.jpg 650w, https:\/\/www.autoclasscomposite.com\/site\/wp-content\/uploads\/2018\/02\/changetextfont-300x214.jpg 300w\" sizes=\"(max-width: 650px) 100vw, 650px\" \/><\/p>\n<p><img decoding=\"async\" loading=\"lazy\" class=\"aligncenter size-full wp-image-144\" src=\"https:\/\/autoclasscomposite.com\/site\/wp-content\/uploads\/2018\/02\/changeparagraph.jpg\" alt=\"\" width=\"650\" height=\"406\" srcset=\"https:\/\/www.autoclasscomposite.com\/site\/wp-content\/uploads\/2018\/02\/changeparagraph.jpg 650w, https:\/\/www.autoclasscomposite.com\/site\/wp-content\/uploads\/2018\/02\/changeparagraph-300x187.jpg 300w\" sizes=\"(max-width: 650px) 100vw, 650px\" \/><\/p>\n<p>Recuerda:<\/p>\n<p>Las fotos deben ser nombradas usando el nombre de la persona fotograf\u00edada, como:<\/p>\n<p><strong>L\u00f3pez Mart\u00ednez, Antonio.jpg<\/strong><\/p>\n<p>Esto escribir\u00e1 Antonio L\u00f3pez Mart\u00ednez en la orla. Usa el caracter # en el lugar en el que deseas una nueva linea, por ejemplo:<\/p>\n<p>Para conseguir<\/p>\n<p><strong>Antonio Hern\u00e1ndez<\/strong><br \/>\n<strong>\u00a0\u00a0\u00a0\u00a0\u00a0 Director<\/strong><\/p>\n<p>debes nombrar el fichero<\/p>\n<p><strong>Hern\u00e1ndez #Director, Antonio .jpg<\/strong><\/p>\n<p>Auto Class Composite ordena alfab\u00e9ticamente las fotograf\u00edas usando primer los apellidos y luego los nombres.<\/p>\n<p>Tambi\u00e9n puedes usar el nombre y apellidos sin la coma pero en este caso la ordenaci\u00f3n se har\u00e1 primero por el nombre, por ejemplo Susana P\u00e9rez.jpg<\/p>\n<p>Si deseas una ordenaci\u00f3n especial pon _999_ al comienzo del nombre del fichero siendo 999 una numeraci\u00f3n de 3 d\u00edgitos que se usar\u00e1 para ordenar los ficheros antes de colocarlos en la orla, por ejemplo:<\/p>\n<p>_003_Antonio P\u00e9rez P\u00e9rez.jpg[\/vc_column_text][\/vc_column][\/vc_row]\n","protected":false},"excerpt":{"rendered":"<p>[vc_row type=&#8221;in_container&#8221; full_screen_row_position=&#8221;middle&#8221; scene_position=&#8221;center&#8221; text_color=&#8221;dark&#8221; text_align=&#8221;left&#8221; overlay_strength=&#8221;0.3&#8243; shape_divider_position=&#8221;bottom&#8221;][vc_column column_padding=&#8221;no-extra-padding&#8221; column_padding_position=&#8221;all&#8221; background_color_opacity=&#8221;1&#8243; background_hover_color_opacity=&#8221;1&#8243; column_shadow=&#8221;none&#8221; column_border_radius=&#8221;none&#8221; width=&#8221;1\/1&#8243; tablet_text_alignment=&#8221;default&#8221; phone_text_alignment=&#8221;default&#8221; column_border_width=&#8221;none&#8221; column_border_style=&#8221;solid&#8221;][vc_column_text]Creando su propia orla paso a paso Abre una plantilla de orlas&#8230;<\/p>\n","protected":false},"author":1,"featured_media":0,"parent":0,"menu_order":0,"comment_status":"closed","ping_status":"closed","template":"","meta":[],"_links":{"self":[{"href":"https:\/\/www.autoclasscomposite.com\/site\/wp-json\/wp\/v2\/pages\/211"}],"collection":[{"href":"https:\/\/www.autoclasscomposite.com\/site\/wp-json\/wp\/v2\/pages"}],"about":[{"href":"https:\/\/www.autoclasscomposite.com\/site\/wp-json\/wp\/v2\/types\/page"}],"author":[{"embeddable":true,"href":"https:\/\/www.autoclasscomposite.com\/site\/wp-json\/wp\/v2\/users\/1"}],"replies":[{"embeddable":true,"href":"https:\/\/www.autoclasscomposite.com\/site\/wp-json\/wp\/v2\/comments?post=211"}],"version-history":[{"count":4,"href":"https:\/\/www.autoclasscomposite.com\/site\/wp-json\/wp\/v2\/pages\/211\/revisions"}],"predecessor-version":[{"id":509,"href":"https:\/\/www.autoclasscomposite.com\/site\/wp-json\/wp\/v2\/pages\/211\/revisions\/509"}],"wp:attachment":[{"href":"https:\/\/www.autoclasscomposite.com\/site\/wp-json\/wp\/v2\/media?parent=211"}],"curies":[{"name":"wp","href":"https:\/\/api.w.org\/{rel}","templated":true}]}}