{"id":201,"date":"2018-02-05T16:26:27","date_gmt":"2018-02-05T15:26:27","guid":{"rendered":"http:\/\/autoclasscomposite.com\/site\/users-guide-copy\/"},"modified":"2024-04-12T17:32:40","modified_gmt":"2024-04-12T16:32:40","slug":"manual-de-usuario","status":"publish","type":"page","link":"https:\/\/www.autoclasscomposite.com\/site\/manual-de-usuario\/","title":{"rendered":"Manual de usuario"},"content":{"rendered":"[vc_row type=&#8221;in_container&#8221; full_screen_row_position=&#8221;middle&#8221; scene_position=&#8221;center&#8221; text_color=&#8221;dark&#8221; text_align=&#8221;left&#8221; overlay_strength=&#8221;0.3&#8243; shape_divider_position=&#8221;bottom&#8221;][vc_column column_padding=&#8221;no-extra-padding&#8221; column_padding_position=&#8221;all&#8221; background_color_opacity=&#8221;1&#8243; background_hover_color_opacity=&#8221;1&#8243; column_shadow=&#8221;none&#8221; column_border_radius=&#8221;none&#8221; width=&#8221;1\/1&#8243; tablet_text_alignment=&#8221;default&#8221; phone_text_alignment=&#8221;default&#8221; column_border_width=&#8221;none&#8221; column_border_style=&#8221;solid&#8221;][vc_column_text]\n<h2 align=\"LEFT\"><strong>MANUAL DE USUARIO DE LA VERSI\u00d3N 9 DE AUTO CLASS COMPOSITE<\/strong><\/h2>\n<p align=\"LEFT\"><strong>Requisitos:<\/strong><\/p>\n<p align=\"LEFT\">Este programa necesita un ordenador PC equipado con Sistema operativo Windows\u00ae (Vista o superior) y Adobe\u00ae Photoshop\u00ae en su versi\u00f3n CS o superior\u00a0 para la versi\u00f3n PC y un ordenador Apple Macintosh\u00ae con sistema operativo Mac OS X\u00ae 10.7 o superior y Adobe\u00ae Photoshop\u00ae en su versi\u00f3n CS o superior para la versi\u00f3n Macintosh, recomendamos la versi\u00f3n CS3 de Photoshop o superior para poder realizar selecciones m\u00faltiples.<\/p>\n<p align=\"LEFT\"><strong>Rellenar la plantilla de demostraci\u00f3n:<\/strong><\/p>\n<p align=\"LEFT\">Ejecutar Adobe\u00ae Photoshop\u00ae y abrir la orla de ejemplo Orla_Ejemplo.psd de la carpeta\u00a0<em>Documentos\\Auto Class Composite\\Ejemplo<\/em>.<\/p>\n<p align=\"LEFT\">Ejecutar el programa.<\/p>\n<p align=\"LEFT\">Seleccionar el directorio\u00a0<em>Documentos\\Auto Class Composite\\Ejemplo\\Profesores<\/em>\u00a0y pulsar sobre Rellenar Orla.<\/p>\n<p align=\"LEFT\">Seleccionar el directorio\u00a0<em>Documentos\\Auto Class Composite\\Ejemplo\\Alumnos\u00a0<\/em>y pulsar sobre Rellenar Orla.<\/p>\n<p align=\"LEFT\">Cerrar el programa.<\/p>\n<p align=\"LEFT\"><em><strong>Funcionamiento:<\/strong><\/em><\/p>\n<p align=\"LEFT\">Copiar todas las fotograf\u00edas a una carpeta del disco duro, esta carpeta s\u00f3lo contendr\u00e1 las fotos a insertar en la orla en formato jpg ,tiff o png.<br \/>\nRenombrar los ficheros con las fotograf\u00edas para que correspondan al nombre de la persona fotografiada, incluyendo acentos y espacios.<br \/>\nEl programa ordena las fotograf\u00edas por:<\/p>\n<p align=\"LEFT\">a) Apellidos y nombre: Poner en el nombre del fichero primero los apellidos, luego una coma (\u201c,\u201d) y al final el nombre, por ejemplo:<em>P\u00e9rez S\u00e1nchez, Antonio.jpg o<\/em>\u00a0<em>Mart\u00ednez P\u00e9rez, Mar\u00eda Isabel<\/em>; el programa ordenar\u00e1 por apellido pero imprimir\u00e1 por nombre + apellidos convirtiendo\u00a0<em>Mart\u00ednez P\u00e9rez, Mar\u00eda Isabel\u00a0<\/em>en\u00a0<em>Mar\u00eda Isabel Mart\u00ednez P\u00e9rez<\/em>.<\/p>\n<p align=\"LEFT\">b) Nombre y apellidos: Colocar directamente el nombre en el fichero de esa forma, por ejemplo: Mar\u00eda Isabel Mart\u00ednez P\u00e9rez.<\/p>\n<p align=\"LEFT\">c) Si se desea una ordenaci\u00f3n distinta a la alfab\u00e9tica se debe a\u00f1adir al comienzo del nombre _999_ siendo 999 el orden ( 3 d\u00edgitos) que se debe seguir, por ejemplo: _025_Antonio P\u00e9rez P\u00e9rez.Jpg; Estos caracteres de ordenaci\u00f3n no se incluir\u00e1n en el texto al pie de la foto.<\/p>\n<p align=\"LEFT\"><strong>NOTA: Puedes utilizar el s\u00edmbolo # para crear una nueva l\u00ednea en el text<\/strong>o, el s\u00edmbolo ser\u00e1 sustituido al rellenar la orla. Por ejemplo:<\/p>\n<p style=\"text-align: center;\"><em>P\u00e9rez Mart\u00ednez, Antonio#.jpg<\/em><\/p>\n<p style=\"text-align: center;\"><strong><em>Antonio<\/em><\/strong><br \/>\n<strong><em>P\u00e9rez Mart\u00ednez<\/em><\/strong><\/p>\n<p>&nbsp;<\/p>\n<p style=\"text-align: center;\"><em>P\u00e9rez Mart\u00ednez#Historia, Antonio#.jpg<\/em><\/p>\n<p style=\"text-align: center;\"><strong><em>Antonio<\/em><\/strong><br \/>\n<strong><em>P\u00e9rez Mart\u00ednez<\/em><\/strong><br \/>\n<strong><em>Historia<\/em><\/strong><\/p>\n<p>&nbsp;<\/p>\n<p style=\"text-align: center;\"><strong><em>P\u00e9rez Mart\u00ednez#Historia, Antonio.jpg<\/em><\/strong><\/p>\n<p style=\"text-align: center;\"><strong><em>Antonio P\u00e9rez Mart\u00ednez<\/em><\/strong><br \/>\n<strong><em>Historia<\/em><\/strong><\/p>\n<p align=\"LEFT\">Abrir en Photoshop\u00ae una plantilla de orla, ajustar su tama\u00f1o en Photoshop\u00ae o mediante la utilidad del programa \u201cAjustar plantilla\u201d ( recuerda que tras el redimensionado deber\u00e1s adaptar manualmente el marco de la orla), luego debes crear tantas capas de forma como fotograf\u00edas vayas a incluir en la hoja.<\/p>\n<p align=\"LEFT\">Puedes usar la generaci\u00f3n de capas autom\u00e1tica del programa, selecciona una capa de forma y en \u201cAjustar plantilla\u201d introduce el n\u00famero de filas y fotos por fila a crear; la aplicaci\u00f3n crear\u00e1 autom\u00e1ticamente copias de la primera capa de forma y las colocar\u00e1 en el orden adecuado. Si el n\u00famero de fotos no es divisible crea alguna m\u00e1s y luego elimina la capa en Photoshop\u00ae de la \u00faltima fila ( recuerda que puedes usar las opciones de alineaci\u00f3n y espaciado autom\u00e1tico de la herramienta Mover de Photoshop\u00ae).<\/p>\n<p align=\"LEFT\">El orden de las capas de forma en la ventana de capas de la plantilla es el orden que determina el rellenado de la orla y por lo tanto debe corresponder al natural de lectura occidental ( de izquierda a derecha y de arriba hacia abajo).<\/p>\n<p align=\"LEFT\">Las formas de capa pueden tener tama\u00f1os distintos, por ejemplo: peque\u00f1as para el profesorado y mas grandes para los alumnos y l\u00f3gicamente con distintas formas ( redondas para profesores y rectangulares para alumnos, p.ej.)<\/p>\n<p align=\"LEFT\">Se pueden incluir los anagramas del colegio, dibujos, fotograf\u00edas, etc; siempre y cuando las formas de capa ( o Shapes en la versi\u00f3n inglesa) queden reservadas para importar fotograf\u00edas con el programa Auto Class Composite.<\/p>\n<p align=\"LEFT\">Selecciona en la ventana de capas de Photoshop\u00ae la primera capa de forma a partir de la cual deseas importar las fotograf\u00edas. Tambi\u00e9n se puede hacer mediante la herramienta mover de Photoshop teniendo seleccionado \u201cSelecci\u00f3n autom\u00e1tica de capas\u201d.<\/p>\n<p align=\"LEFT\">En el programa Auto Class Composite selecciona el directorio que contiene las fotograf\u00edas, el n\u00famero de las mismas se actualizar\u00e1 autom\u00e1ticamente. En la plantilla debe haber suficientes capas de forma para contener todas las fotograf\u00edas.<\/p>\n<p align=\"LEFT\">Realiza los ajustes necesarios con el texto al pie de las fotograf\u00edas ( no te preocupes por la fuente o el tama\u00f1o de la misma, es m\u00e1s sencillo modificar estos par\u00e1metros m\u00e1s tarde con Photoshop\u00ae).<\/p>\n<p align=\"LEFT\">Pulsa sobre Rellenar Orla y espere a que Photoshop\u00ae termine de rellenar la orla.<\/p>\n<p align=\"LEFT\">Es posible que al finalizar haya que ajustar alg\u00fan texto sobre todo los que corresponden a nombres muy cortos; m\u00e1s informaci\u00f3n en<em><strong>Textos.<\/strong><\/em><\/p>\n<p align=\"LEFT\">El programa redimensiona y sit\u00faa las fotograf\u00edas autom\u00e1ticamente en los huecos predefinidos, por ello es importante tener en cuenta la medida ( proporci\u00f3n anchura x altura ) de las mismas a la hora de confeccionar la plantilla de modo que las fotograf\u00edas queden perfectamente insertadas en las capas de forma.<\/p>\n<p align=\"LEFT\">Guardar el documento en Photoshop\u00ae e imprimir si se desea<\/p>\n<p align=\"LEFT\"><em><strong>Efectos en las plantillas:<\/strong><\/em><\/p>\n<p align=\"LEFT\">En las plantillas se pueden incluir sombras, bordes, relieves, etc a las fotograf\u00edas, para ello hay que utilizar las opciones de efectos de Photoshop\u00ae y aplicarlas a las capas de forma. Si lo haces en la primera capa de forma luego puedes utilizar la opci\u00f3n de generaci\u00f3n de capas para que todas queden iguales.<\/p>\n<p align=\"LEFT\"><em><strong>Textos:<br \/>\n<\/strong><\/em>Los textos que acompa\u00f1an a las fotograf\u00edas ( nombres de alumnos y profesores) se dejan agrupados en la parte superior de la paleta de capas para facilitar el cambio de fuente o tama\u00f1os, color, justificaci\u00f3n, etc una vez rellenada la orla. Estos efectos se pueden aplicar a todos los textos mediante la selecci\u00f3n m\u00faltiple de capas de Adobe\u00ae Photoshop\u00ae CS2 o superior.<\/p>\n<p align=\"LEFT\"><em><strong>Dise\u00f1ar tu propia plantilla:<\/strong><\/em><\/p>\n<p align=\"LEFT\">Para confeccionar tu propia plantilla tan s\u00f3lo debes disponer en el documento PSD tantas capas de forma c\u00f3mo fotograf\u00edas a incluir. Este proceso es bastante sencillo teniendo en cuenta que puedes copiar la misma capa de forma hasta obtener las suficientes, por ejemplo para 40 alumnos debes preparar UNA capa de forma \u201cperfecta\u201d ( con su sombra, difuminado, trazo, etc e incluso a\u00f1adiendo una m\u00e1scara de capa), luego usa \u201cAjustar plantilla\u201d e introduce 4 en filas y 10 en fotos por fila, luego pulsa en Generar capas de forma.<\/p>\n<p align=\"LEFT\">Las capas de forma se realizan con la herramienta RECTANGULO de Photoshop\u00ae y pueden tener cualquier forma ( vea capas de forma de usuario en Photoshop\u00ae).<\/p>\n<p align=\"LEFT\">As\u00ed mismo es muy sencillo crear por ejemplo recortes autom\u00e1ticos de fotograf\u00edas para destacar la cabeza del sujeto, tan s\u00f3lo debes tomar la fotograf\u00eda con un fondo del mismo color que el fondo de la orla, a continuaci\u00f3n aplica una m\u00e1scara de capa que recorte una cabeza est\u00e1ndar, copia esta capa de forma con su m\u00e1scara para todos los alumnos y utiliza el programa para rellenar la orla; de forma autom\u00e1tica todas las cabezas quedar\u00e1n recortadas contra el fondo aunque es posible que en algunos casos debas retocar un poco debido al pelo desigual.<\/p>\n<p align=\"LEFT\"><em><strong>Descripci\u00f3n de la pantalla principal:<\/strong><\/em><\/p>\n<p align=\"LEFT\"><em>Ajustar plantilla:\u00a0<\/em>Permite redimensionar la plantilla y crear copias de la capa de forma autom\u00e1ticamente, deber\u00e1s introducir el n\u00ba de filas y las fotos por fila que deseas. Despu\u00e9s de modificar el tama\u00f1o de la plantilla deber\u00e1s ajustar manualmente el marco de la misma.<\/p>\n<p align=\"LEFT\"><em>Codificaci\u00f3n<\/em>: En la versi\u00f3n 9 se introduce la opci\u00f3n de seleccionar la codificaci\u00f3n de los caracteres usados al nombrar los ficheros de fotograf\u00edas. Para los idiomas principales (espa\u00f1ol, ingl\u00e9s, franc\u00e9s, etc) simplemente selecciona la opci\u00f3n por defecto ISO-8559-1.<\/p>\n<h2 align=\"LEFT\"><strong>ORLA DE CARPETA,<\/strong><\/h2>\n<p align=\"LEFT\">con esta opci\u00f3n puedes crear una orla con las fotograf\u00edas de una carpeta. Debes seleccionar la primera capa destino en la ventana de capas de Photoshop, el programa rellenar\u00e1 \u00e9sta capa y las siguientes (hacia abajo en la ventana de capas) con las fotograf\u00edas de la carpeta seleccionada (previamente ordenadas seg\u00fan lo descrito m\u00e1s arriba)<\/p>\n[\/vc_column_text]<div class=\"img-with-aniamtion-wrap center\" data-max-width=\"100%\" data-border-radius=\"none\"><div class=\"inner\"><img data-shadow=\"none\" data-shadow-direction=\"middle\" class=\"img-with-animation \" data-delay=\"0\" height=\"694\" width=\"800\" data-animation=\"grow-in\" src=\"https:\/\/www.autoclasscomposite.com\/site\/wp-content\/uploads\/2018\/02\/ACC_folder_es.jpg\" srcset=\"https:\/\/www.autoclasscomposite.com\/site\/wp-content\/uploads\/2018\/02\/ACC_folder_es.jpg 800w, https:\/\/www.autoclasscomposite.com\/site\/wp-content\/uploads\/2018\/02\/ACC_folder_es-300x260.jpg 300w, https:\/\/www.autoclasscomposite.com\/site\/wp-content\/uploads\/2018\/02\/ACC_folder_es-768x666.jpg 768w\" sizes=\"100vw\" alt=\"\" \/><\/div><\/div>[vc_column_text]\n<p align=\"LEFT\"><em>Selecciona carpeta de fotograf\u00edas<\/em>:\u00a0El usuario debe seleccionar el directorio que contiene las fotograf\u00edas para a\u00f1adir a la orla. El directorio queda marcado con un doble clic ( el icono de carpeta est\u00e1 abierto). De este modo se pueden guardar las fotograf\u00edas de profesores y alumnos en carpetas distintas, en el momento de rellenar la orla basta con seleccionar la primera capa de forma a rellenar y el directorio correspondiente.<\/p>\n<p align=\"LEFT\"><em>Textos al pie de las fotograf\u00edas<\/em>( Nombres)<em>Incluir<\/em>: Indica si se debe o no incluir los nombres de los ficheros en la orla.<\/p>\n<p align=\"LEFT\">Separaci\u00f3n vertical del texto: Indica la separaci\u00f3n de la caja del texto del m\u00e1rgen inferior de cada fotograf\u00eda.<\/p>\n<p align=\"LEFT\"><em>Anchura del recuadro de texto<\/em>: Indica en porcentaje de anchura respecto a la fotograf\u00eda el espacio que va a ocupar el nombre. El texto con el nombre siempre est\u00e1 centrado al pie de la fotograf\u00eda.<\/p>\n<p align=\"LEFT\"><em>L\u00edneas de texto<\/em>: Indica el m\u00e1ximo de l\u00edneas que se utilizar\u00e1n para insertar el texto con el nombre ( ello no quiere decir que obligatoriamente se vayan a usar esas l\u00edneas, depender\u00e1 del tipo de letra y texto a inclu\u00edr).<\/p>\n<p align=\"LEFT\"><em>Justificaci\u00f3n<\/em>: Indica el tipo de justificaci\u00f3n del texto al pie de la fotograf\u00eda.<\/p>\n<p align=\"LEFT\">Recuerda que una vez rellenada la orla puedes modificar las caracter\u00edsticas del texto mediante las funciones apropiadas de Photoshop\u00ae, si dispones de la versi\u00f3n CS2 o superior puedes aplicar los cambios a todas las capas a la vez mediante la selecci\u00f3n m\u00faltiple de capas.<\/p>\n<p align=\"LEFT\"><em>Centrar fotograf\u00eda en capa de forma<\/em>: Esta opci\u00f3n permite centrar la fotograf\u00eda en la capa de forma a la que se agrupa lo cual es muy \u00fatil cuando el tama\u00f1o de la capa de forma no es exactamente el de la fotograf\u00eda o la misma se ha tomado en horizontal, si no est\u00e1 seleccionado la foto se sit\u00faa en la esquina superior izquierda.<\/p>\n<p align=\"LEFT\"><em>Rellenar Orla:<\/em>\u00a0Inserta las fotograf\u00edas del directorio seleccionado en la orla, tomando el orden descrito m\u00e1s arriba y coloc\u00e1ndolas en el mismo orden de las capas de forma del documento abierto en Photoshop\u00ae ( de arriba hacia abajo en la ventana de capas). Si lo deseas puede interrumpir el proceso pero ten en cuenta que la respuesta no ser\u00e1 inmediata.<\/p>\n<h2 align=\"LEFT\"><strong>ORLA POR LOTES,<\/strong><\/h2>\n<p align=\"LEFT\">crear\u00e1 un fichero por cada una de las fotograf\u00edas de la carpeta seleccionada. Este fichero ser\u00e1 una orla completa que tendr\u00e1 como foto principal cada foto de la carpeta alternativamente. Por ello debes crear una plantilla de orla que tenga una capa de forma de mayor tama\u00f1o y en lugar preferente, debes colocar esta capa encima de las capas de forma a utilizar en la orla en la ventana de capas de Photoshop.<\/p>\n[\/vc_column_text]<div class=\"img-with-aniamtion-wrap center\" data-max-width=\"100%\" data-border-radius=\"none\"><div class=\"inner\"><img data-shadow=\"none\" data-shadow-direction=\"middle\" class=\"img-with-animation \" data-delay=\"0\" height=\"694\" width=\"800\" data-animation=\"grow-in\" src=\"https:\/\/www.autoclasscomposite.com\/site\/wp-content\/uploads\/2018\/02\/ACC_batch_es.jpg\" srcset=\"https:\/\/www.autoclasscomposite.com\/site\/wp-content\/uploads\/2018\/02\/ACC_batch_es.jpg 800w, https:\/\/www.autoclasscomposite.com\/site\/wp-content\/uploads\/2018\/02\/ACC_batch_es-300x260.jpg 300w, https:\/\/www.autoclasscomposite.com\/site\/wp-content\/uploads\/2018\/02\/ACC_batch_es-768x666.jpg 768w\" sizes=\"100vw\" alt=\"\" \/><\/div><\/div>[vc_column_text]\n<p align=\"LEFT\">Debes seleccionar una carpeta destino para guardar las orlas terminadas ( NO selecciones la misma carpeta que contiene las fotos). Si deseas modificar la fuente, su tama\u00f1o u otros elementos debes dejar desactivada la opci\u00f3n de guardar como JPG para obtener los PSD con las capas correspondientes.<\/p>\n<h2 align=\"LEFT\"><strong>ORLA PSPA,\u00a0<\/strong><\/h2>\n<p align=\"LEFT\">permite seleccionar el fichero indice de los datos recopilados seg\u00fan las indicaciones de la Asociaci\u00f3n internacional de fot\u00f3grafos escolares PSPA.<\/p>\n[\/vc_column_text]<div class=\"img-with-aniamtion-wrap center\" data-max-width=\"100%\" data-border-radius=\"none\"><div class=\"inner\"><img data-shadow=\"none\" data-shadow-direction=\"middle\" class=\"img-with-animation \" data-delay=\"0\" height=\"697\" width=\"800\" data-animation=\"grow-in\" src=\"https:\/\/www.autoclasscomposite.com\/site\/wp-content\/uploads\/2018\/02\/ACC_PSPA_es.jpg\" srcset=\"https:\/\/www.autoclasscomposite.com\/site\/wp-content\/uploads\/2018\/02\/ACC_PSPA_es.jpg 800w, https:\/\/www.autoclasscomposite.com\/site\/wp-content\/uploads\/2018\/02\/ACC_PSPA_es-300x261.jpg 300w, https:\/\/www.autoclasscomposite.com\/site\/wp-content\/uploads\/2018\/02\/ACC_PSPA_es-768x669.jpg 768w\" sizes=\"100vw\" alt=\"\" \/><\/div><\/div>[vc_column_text]\n<p align=\"LEFT\">Podr\u00e1s seleccionar entre filtrar por curso o por clase y a continuaci\u00f3n elegir la carpeta, el curso \/ clase y el departamento a incluir en la orla.<\/p>\n<p align=\"LEFT\">Una vez seleccionados estos par\u00e1metros se te mostrar\u00e1 el n\u00famero de miembros de dicha selecci\u00f3n.<\/p>\n<p align=\"LEFT\">Puedes habilitar la ordenaci\u00f3n por apellidos y nombre o respetar la ordenaci\u00f3n original del fichero de datos PSPA.<\/p>\n<p align=\"LEFT\"><em>Textos al pie de las fotograf\u00edas<\/em><em>\u00a0<\/em>( Nombres)<em>Incluir<\/em>: Indica si se debe o no incluir los nombres de los ficheros en la orla.<\/p>\n<p align=\"LEFT\">Separaci\u00f3n vertical del texto: Indica la separaci\u00f3n de la caja del texto del m\u00e1rgen inferior de cada fotograf\u00eda.<\/p>\n<p align=\"LEFT\"><em>Anchura del recuadro de texto<\/em>: Indica en porcentaje de anchura respecto a la fotograf\u00eda el espacio que va a ocupar el nombre. El texto con el nombre siempre est\u00e1 centrado al pie de la fotograf\u00eda.<\/p>\n<p align=\"LEFT\"><em>L\u00edneas de texto<\/em>: Indica el m\u00e1ximo de l\u00edneas que se utilizar\u00e1n para insertar el texto con el nombre ( ello no quiere decir que obligatoriamente se vayan a usar esas l\u00edneas, depender\u00e1 del tipo de letra y texto a inclu\u00edr).<\/p>\n<p align=\"LEFT\"><em>Justificaci\u00f3n<\/em>: Indica el tipo de justificaci\u00f3n del texto al pie de la fotograf\u00eda.<\/p>\n<p align=\"LEFT\">Recuerda que una vez rellenada la orla puedes modificar las caracter\u00edsticas del texto mediante las funciones apropiadas de Photoshop\u00ae, si dispones de la versi\u00f3n CS2 o superior puedes aplicar los cambios a todas las capas a la vez mediante la selecci\u00f3n m\u00faltiple de capas.<\/p>\n<p align=\"LEFT\"><em>Centrar fotograf\u00eda en capa de forma<\/em>: Esta opci\u00f3n permite centrar la fotograf\u00eda en la capa de forma a la que se agrupa lo cual es muy \u00fatil cuando el tama\u00f1o de la capa de forma no es exactamente el de la fotograf\u00eda o la misma se ha tomado en horizontal, si no est\u00e1 seleccionado la foto se sit\u00faa en la esquina superior izquierda.<\/p>\n<p align=\"LEFT\"><em>Rellenar datos PSPA:<\/em>\u00a0Coloca las fotograf\u00edas de las personas seleccionadas en la orla\u00a0en el mismo orden de las capas de forma del documento abierto en Photoshop\u00ae ( de arriba hacia abajo en la ventana de capas). Si lo deseas puede interrumpir el proceso pero ten en cuenta que la respuesta no ser\u00e1 inmediata.<\/p>\n<p align=\"LEFT\"><strong>\u00a0<\/strong><\/p>\n<p align=\"LEFT\"><strong>IMPORTANTE: \u00a0<\/strong>No incluyas grupos en la plantilla de orla, al menos nunca entre las capas de forma; debes dejar al menos una capa antes y despu\u00e9s de las capas de forma donde ir\u00e1n las fotograf\u00edas.<\/p>\n[\/vc_column_text][\/vc_column][\/vc_row]\n","protected":false},"excerpt":{"rendered":"<p>[vc_row type=&#8221;in_container&#8221; full_screen_row_position=&#8221;middle&#8221; scene_position=&#8221;center&#8221; text_color=&#8221;dark&#8221; text_align=&#8221;left&#8221; overlay_strength=&#8221;0.3&#8243; shape_divider_position=&#8221;bottom&#8221;][vc_column column_padding=&#8221;no-extra-padding&#8221; column_padding_position=&#8221;all&#8221; background_color_opacity=&#8221;1&#8243; background_hover_color_opacity=&#8221;1&#8243; column_shadow=&#8221;none&#8221; column_border_radius=&#8221;none&#8221; width=&#8221;1\/1&#8243; tablet_text_alignment=&#8221;default&#8221; phone_text_alignment=&#8221;default&#8221; column_border_width=&#8221;none&#8221; column_border_style=&#8221;solid&#8221;][vc_column_text] MANUAL DE USUARIO DE LA VERSI\u00d3N 9 DE AUTO CLASS COMPOSITE&#8230;<\/p>\n","protected":false},"author":1,"featured_media":0,"parent":0,"menu_order":0,"comment_status":"closed","ping_status":"closed","template":"","meta":[],"_links":{"self":[{"href":"https:\/\/www.autoclasscomposite.com\/site\/wp-json\/wp\/v2\/pages\/201"}],"collection":[{"href":"https:\/\/www.autoclasscomposite.com\/site\/wp-json\/wp\/v2\/pages"}],"about":[{"href":"https:\/\/www.autoclasscomposite.com\/site\/wp-json\/wp\/v2\/types\/page"}],"author":[{"embeddable":true,"href":"https:\/\/www.autoclasscomposite.com\/site\/wp-json\/wp\/v2\/users\/1"}],"replies":[{"embeddable":true,"href":"https:\/\/www.autoclasscomposite.com\/site\/wp-json\/wp\/v2\/comments?post=201"}],"version-history":[{"count":9,"href":"https:\/\/www.autoclasscomposite.com\/site\/wp-json\/wp\/v2\/pages\/201\/revisions"}],"predecessor-version":[{"id":563,"href":"https:\/\/www.autoclasscomposite.com\/site\/wp-json\/wp\/v2\/pages\/201\/revisions\/563"}],"wp:attachment":[{"href":"https:\/\/www.autoclasscomposite.com\/site\/wp-json\/wp\/v2\/media?parent=201"}],"curies":[{"name":"wp","href":"https:\/\/api.w.org\/{rel}","templated":true}]}}